{"id":19939,"date":"2012-12-28T08:17:31","date_gmt":"2012-12-28T06:17:31","guid":{"rendered":"https:\/\/elinepa.org\/?page_id=19939"},"modified":"2026-01-27T07:44:06","modified_gmt":"2026-01-27T05:44:06","slug":"the-song-of-gymnosophist","status":"publish","type":"page","link":"https:\/\/elinepa.org\/el\/the-song-of-gymnosophist\/","title":{"rendered":"\u03a4\u039f \u03a4\u03a1\u0391\u0393\u039f\u03a5\u0394\u0399 \u03a4\u039f\u03a5 \u0393\u03a5\u039c\u039d\u039f\u03a3\u039f\u03a6\u0399\u03a3\u03a4\u0397"},"content":{"rendered":"\n<figure class=\"wp-block-image aligncenter size-full\"><img fetchpriority=\"high\" decoding=\"async\" width=\"392\" height=\"596\" src=\"https:\/\/elinepa.org\/wp-content\/uploads\/2026\/01\/gymnosophist-front.jpg\" alt=\"\" class=\"wp-image-63130\" srcset=\"https:\/\/elinepa.org\/wp-content\/uploads\/2026\/01\/gymnosophist-front.jpg 392w, https:\/\/elinepa.org\/wp-content\/uploads\/2026\/01\/gymnosophist-front-197x300.jpg 197w, https:\/\/elinepa.org\/wp-content\/uploads\/2026\/01\/gymnosophist-front-99x150.jpg 99w\" sizes=\"(max-width: 392px) 100vw, 392px\" \/><figcaption class=\"wp-element-caption\"><strong>\u03a4\u03bf \u03a4\u03c1\u03b1\u03b3\u03bf\u03cd\u03b4\u03b9 \u03c4\u03bf\u03c5 \u0393\u03c5\u03bc\u03bd\u03bf\u03c3\u03bf\u03c6\u03b9\u03c3\u03c4\u03ae<\/strong>&nbsp;<br>\u0397&nbsp;<em>Avadh\u016bta G\u012bt\u0101<\/em>&nbsp;\u03ba\u03b1\u03b9 \u03b7&nbsp;<em>J\u012bvanmukta G\u012bt\u0101<\/em>  \u03c4\u03bf\u03c5 Datt\u0101treya<br><\/figcaption><\/figure>\n\n\n\n<figure class=\"wp-block-image aligncenter is-resized\"><a href=\"https:\/\/elinepa.org\/el\/order-form\/\"><img decoding=\"async\" width=\"448\" height=\"151\" src=\"https:\/\/elinepa.org\/wp-content\/uploads\/2015\/04\/ORDER-FORM-BUTTON-GR.jpg\" alt=\"\" class=\"wp-image-8173\" style=\"width:196px;height:auto\" srcset=\"https:\/\/elinepa.org\/wp-content\/uploads\/2015\/04\/ORDER-FORM-BUTTON-GR.jpg 448w, https:\/\/elinepa.org\/wp-content\/uploads\/2015\/04\/ORDER-FORM-BUTTON-GR-150x51.jpg 150w, https:\/\/elinepa.org\/wp-content\/uploads\/2015\/04\/ORDER-FORM-BUTTON-GR-300x101.jpg 300w\" sizes=\"(max-width: 448px) 100vw, 448px\" \/><\/a><\/figure>\n\n\n\n<blockquote class=\"wp-block-quote is-layout-flow wp-block-quote-is-layout-flow\">\n<p>ISBN: 978-618-82624-9-2&nbsp;<br>\u0395\u03b9\u03c3\u03b1\u03b3\u03c9\u03b3\u03ae, \u03bc\u03b5\u03c4\u03ac\u03c6\u03c1\u03b1\u03c3\u03b7 \u03ba\u03b1\u03b9 \u03c3\u03c7\u03cc\u03bb\u03b9\u03b1: <a href=\"https:\/\/elinepa.org\/el\/dimitrios-vassiliadis\/\" target=\"_blank\" rel=\"noreferrer noopener\">\u0394\u0397\u039c\u0397\u03a4\u03a1\u0399\u039f\u03a3 \u0398. \u0392\u0391\u03a3\u0399\u039b\u0395\u0399\u0391\u0394\u0397\u03a3<\/a><br>\u0394\u03b5\u03cd\u03c4\u03b5\u03c1\u03b7 \u0388\u03ba\u03b4\u03bf\u03c3\u03b7: \u0395\u039b\u0399\u039d\u0395\u03a0\u0391, \u0391\u03b8\u03ae\u03bd\u03b1, 2026 (2001)<br>\u03a3\u03b5\u03bb\u03af\u03b4\u03b5\u03c2: 115 (14&#215;21 cm)<br>\u03a4\u03b9\u03bc\u03ae: 15 \u0395\u03c5\u03c1\u03ce&nbsp; + <a href=\"https:\/\/www.elta.gr\/timokatalogoi\" target=\"_blank\" rel=\"noreferrer noopener\">\u03a4\u03b1\u03c7\u03c5\u03b4\u03c1\u03bf\u03bc\u03b9\u03ba\u03ac<\/a><br>20 % \u03ad\u03ba\u03c0\u03c4\u03c9\u03c3\u03b7 \u03c3\u03c4\u03b1 \u03bc\u03ad\u03bb\u03b7 \u03c4\u03b7\u03c2 \u0395\u039b\u0399\u039d\u0395\u03a0A<\/p>\n<\/blockquote>\n\n\n\n<p>\u03a4\u03bf \u03a4\u03c1\u03b1\u03b3\u03bf\u03cd\u03b4\u03b9 \u03c4\u03bf\u03c5 \u0393\u03c5\u03bc\u03bd\u03bf\u03c3\u03bf\u03c6\u03b9\u03c3\u03c4\u03ae \u03b5\u03bc\u03c0\u03b5\u03c1\u03b9\u03ad\u03c7\u03b5\u03b9 \u03c4\u03b7 \u03bc\u03b5\u03c4\u03ac\u03c6\u03c1\u03b1\u03c3\u03b7 \u03c4\u03b7\u03c2 Avadh\u016bta G\u012bt\u0101 \u03ba\u03b1\u03b9 \u03c4\u03b7\u03c2 J\u012bvanmukta G\u012bt\u0101, \u03b4\u03cd\u03bf \u03b1\u03bd\u03c4\u03b9\u03c0\u03c1\u03bf\u03c3\u03c9\u03c0\u03b5\u03c5\u03c4\u03b9\u03ba\u03ce\u03bd \u03ba\u03b5\u03b9\u03bc\u03ad\u03bd\u03c9\u03bd \u03c4\u03b7\u03c2 \u03bc\u03b7-\u03b4\u03c5\u03ca\u03c3\u03c4\u03b9\u03ba\u03ae\u03c2 \u03c0\u03b1\u03c1\u03ac\u03b4\u03bf\u03c3\u03b7\u03c2 \u03c4\u03bf\u03c5 \u03c3\u03b1\u03ca\u03b2\u03b9\u03c3\u03bc\u03bf\u03cd.<\/p>\n\n\n\n<p>\u039f\u03b9 avadh\u016bta \u03ba\u03b1\u03b9 \u03bf\u03b9 j\u012bvanmukta, \u03b3\u03c5\u03bc\u03bd\u03bf\u03af \u03b1\u03c0\u03cc \u03ba\u03ac\u03b8\u03b5 \u03c0\u03c1\u03bf\u03c3\u03ba\u03cc\u03bb\u03bb\u03b7\u03c3\u03b7, \u03ad\u03c7\u03bf\u03bd\u03c4\u03b1\u03c2 \u03b1\u03c0\u03bf\u03c4\u03b9\u03bd\u03ac\u03be\u03b5\u03b9 \u03c4\u03b7\u03bd \u03c4\u03b1\u03cd\u03c4\u03b9\u03c3\u03ae \u03c4\u03bf\u03c5\u03c2 \u03bc\u03b5 \u03c4\u03bf \u03c6\u03c5\u03c3\u03b9\u03ba\u03cc \u03c3\u03ce\u03bc\u03b1, \u03c4\u03bf\u03bd \u03bd\u03bf\u03c5 \u03ba\u03b1\u03b9 \u03c4\u03bf \u03b5\u03b3\u03ce, \u03b2\u03b9\u03ce\u03bd\u03bf\u03c5\u03bd \u03c4\u03b7\u03bd \u03c0\u03bd\u03b5\u03c5\u03bc\u03b1\u03c4\u03b9\u03ba\u03ae \u03b5\u03bb\u03b5\u03c5\u03b8\u03b5\u03c1\u03af\u03b1 (mok\u1e63a) \u03cc\u03bd\u03c4\u03b1\u03c2 \u03b1\u03ba\u03cc\u03bc\u03b1 \u03c3\u03c4\u03b7 \u03b3\u03b7 \u03bc\u03b5 \u03b1\u03bd\u03b8\u03c1\u03ce\u03c0\u03b9\u03bd\u03bf \u03c3\u03ce\u03bc\u03b1. \u0391\u03c0\u03bf\u03c1\u03c1\u03af\u03c0\u03c4\u03bf\u03bd\u03c4\u03b1\u03c2 \u03c4\u03b9\u03c2 \u03ba\u03bf\u03b9\u03bd\u03c9\u03bd\u03b9\u03ba\u03ad\u03c2 \u03c3\u03c5\u03bc\u03b2\u03ac\u03c3\u03b5\u03b9\u03c2 \u03ba\u03b1\u03b9 \u03b5\u03bd\u03b5\u03c1\u03b3\u03ce\u03bd\u03c4\u03b1\u03c2 \u03b1\u03c5\u03b8\u03cc\u03c1\u03bc\u03b7\u03c4\u03b1 \u03c9\u03c2 \u03b5\u03bb\u03b5\u03cd\u03b8\u03b5\u03c1\u03b5\u03c2 \u03c3\u03c5\u03bd\u03b5\u03b9\u03b4\u03ae\u03c3\u03b5\u03b9\u03c2, \u03b4\u03b5\u03bd \u03b5\u03bd\u03c4\u03ac\u03c3\u03c3\u03bf\u03bd\u03c4\u03b1\u03b9 \u03c3\u03b5 \u03ba\u03ac\u03c0\u03bf\u03b9\u03b1 \u03b8\u03c1\u03b7\u03c3\u03ba\u03b5\u03c5\u03c4\u03b9\u03ba\u03ae \u03ae \u03ba\u03bf\u03b9\u03bd\u03c9\u03bd\u03b9\u03ba\u03ae \u03bf\u03c1\u03b3\u03ac\u03bd\u03c9\u03c3\u03b7. \u0395\u03c0\u03b9\u03b4\u03b5\u03b9\u03ba\u03bd\u03cd\u03bf\u03c5\u03bd \u03bc\u03b9\u03b1 \u03c7\u03b1\u03bc\u03b1\u03b9\u03bb\u03b5\u03bf\u03bd\u03c4\u03b9\u03ba\u03ae \u03b9\u03ba\u03b1\u03bd\u03cc\u03c4\u03b7\u03c4\u03b1 \u03bd\u03b1 \u03b1\u03bd\u03b1\u03bb\u03b1\u03bc\u03b2\u03ac\u03bd\u03bf\u03c5\u03bd \u03bf\u03c0\u03bf\u03b9\u03bf\u03bd\u03b4\u03ae\u03c0\u03bf\u03c4\u03b5 \u03c7\u03b1\u03c1\u03b1\u03ba\u03c4\u03ae\u03c1\u03b1 \u03ae \u03c1\u03cc\u03bb\u03bf \u03b1\u03c0\u03b1\u03b9\u03c4\u03bf\u03cd\u03bd \u03bf\u03b9 \u03c0\u03b5\u03c1\u03b9\u03c3\u03c4\u03ac\u03c3\u03b5\u03b9\u03c2. \u0386\u03bb\u03bb\u03bf\u03c4\u03b5 \u03c3\u03c5\u03bc\u03c0\u03b5\u03c1\u03b9\u03c6\u03ad\u03c1\u03bf\u03bd\u03c4\u03b1\u03b9 \u03c9\u03c2 \u03ba\u03bf\u03c3\u03bc\u03b9\u03ba\u03bf\u03af \u03ba\u03b1\u03b9 \u03ac\u03bb\u03bb\u03bf\u03c4\u03b5 \u03c9\u03c2 \u03b1\u03c3\u03ba\u03b7\u03c4\u03ad\u03c2. \u0397 \u03c3\u03c5\u03c7\u03bd\u03ae \u03b3\u03cd\u03bc\u03bd\u03b9\u03b1 \u03c4\u03bf\u03c5\u03c2 \u03b5\u03af\u03bd\u03b1\u03b9 \u03af\u03c3\u03c9\u03c2 \u03b7 \u03c0\u03b9\u03bf \u03c3\u03c5\u03bc\u03b2\u03bf\u03bb\u03b9\u03ba\u03ae \u03ad\u03ba\u03c6\u03c1\u03b1\u03c3\u03b7 \u03c4\u03b7\u03c2 \u03b1\u03bd\u03b1\u03c4\u03c1\u03b5\u03c0\u03c4\u03b9\u03ba\u03ae\u03c2 \u03b9\u03b4\u03b5\u03bf\u03bb\u03bf\u03b3\u03af\u03b1\u03c2 \u03c4\u03bf\u03c5\u03c2.<\/p>\n\n\n\n<p>\u039c\u03b7 \u03bb\u03b1\u03bc\u03b2\u03ac\u03bd\u03bf\u03bd\u03c4\u03b1\u03c2 \u03c5\u03c0\u03cc\u03c8\u03b7 \u03c4\u03b7\u03bd \u03c4\u03b5\u03bb\u03b5\u03c4\u03bf\u03c5\u03c1\u03b3\u03b9\u03ba\u03ae \u03b5\u03b8\u03b9\u03bc\u03bf\u03c4\u03c5\u03c0\u03af\u03b1, \u03bc\u03b5\u03c1\u03b9\u03ba\u03ad\u03c2 \u03c6\u03bf\u03c1\u03ad\u03c2 \u03b3\u03af\u03bd\u03bf\u03bd\u03c4\u03b1\u03b9 \u03b5\u03ba\u03ba\u03b5\u03bd\u03c4\u03c1\u03b9\u03ba\u03bf\u03af, \u03b4\u03b9\u03b1\u03ba\u03b7\u03c1\u03cd\u03c3\u03c3\u03bf\u03bd\u03c4\u03b1\u03c2 \u03c4\u03b7\u03bd \u03c4\u03b1\u03cd\u03c4\u03b9\u03c3\u03ae \u03c4\u03bf\u03c5\u03c2 \u03bc\u03b5 \u03c4\u03bf\u03bd \u015aiva, \u03c4\u03b7\u03bd \u03b1\u03c0\u03cc\u03bb\u03c5\u03c4\u03b7 \u03c0\u03c1\u03b1\u03b3\u03bc\u03b1\u03c4\u03b9\u03ba\u03cc\u03c4\u03b7\u03c4\u03b1. \u03a3\u03c5\u03c7\u03bd\u03ac \u03b1\u03bd\u03b1\u03bb\u03b1\u03bc\u03b2\u03ac\u03bd\u03bf\u03c5\u03bd \u03c4\u03bf\u03bd \u03c1\u03cc\u03bb\u03bf \u03c4\u03bf\u03c5 \u03c0\u03bd\u03b5\u03c5\u03bc\u03b1\u03c4\u03b9\u03ba\u03bf\u03cd \u03b4\u03b1\u03c3\u03ba\u03ac\u03bb\u03bf\u03c5 (guru) \u03b3\u03b9\u03b1 \u03bd\u03b1 \u03ba\u03b1\u03b8\u03bf\u03b4\u03b7\u03b3\u03ae\u03c3\u03bf\u03c5\u03bd \u03ac\u03bb\u03bb\u03bf\u03c5\u03c2 \u03c3\u03c4\u03bf \u03bc\u03bf\u03bd\u03bf\u03c0\u03ac\u03c4\u03b9 \u03c4\u03b7\u03c2 \u03b1\u03c0\u03b5\u03bb\u03b5\u03c5\u03b8\u03ad\u03c1\u03c9\u03c3\u03b7\u03c2.<\/p>\n\n\n\n<p>\u03a4\u03b1 \u03b4\u03cd\u03bf \u03ad\u03c1\u03b3\u03b1 \u03b1\u03c0\u03bf\u03b4\u03af\u03b4\u03bf\u03bd\u03c4\u03b1\u03b9 \u03c3\u03c4\u03bf\u03bd Datt\u0101treya, \u03c4\u03bf\u03bd \u03c0\u03c1\u03ce\u03c4\u03bf \u03b4\u03ac\u03c3\u03ba\u03b1\u03bb\u03bf \u03c4\u03c9\u03bd \u03b5\u03bb\u03b5\u03cd\u03b8\u03b5\u03c1\u03c9\u03bd \u03b1\u03c3\u03ba\u03b7\u03c4\u03ce\u03bd, \u03c0\u03bf\u03c5 \u03c0\u03b1\u03c1\u03b1\u03b4\u03bf\u03c3\u03b9\u03b1\u03ba\u03ac \u03b1\u03bd\u03b1\u03b3\u03bd\u03c9\u03c1\u03af\u03b6\u03b5\u03c4\u03b1\u03b9 \u03c9\u03c2 \u03b5\u03bd\u03c3\u03ac\u03c1\u03ba\u03c9\u03c3\u03b7 \u03c4\u03b7\u03c2 \u03b9\u03bd\u03b4\u03bf\u03c5\u03b9\u03c3\u03c4\u03b9\u03ba\u03ae\u03c2 \u03c4\u03c1\u03b9\u03ac\u03b4\u03b1\u03c2 Brahm\u0101, Vi\u1e63\u1e47u \u03ba\u03b1\u03b9 \u015aiva, \u03b1\u03c0\u03b5\u03b9\u03ba\u03bf\u03bd\u03b9\u03b6\u03cc\u03bc\u03b5\u03bd\u03bf\u03c2 \u03bc\u03b5 \u03c4\u03c1\u03b9\u03ba\u03ad\u03c6\u03b1\u03bb\u03b7 \u03bc\u03bf\u03c1\u03c6\u03ae. \u039b\u03b1\u03c4\u03c1\u03b5\u03cd\u03b5\u03c4\u03b1\u03b9 \u03b1\u03c0\u03cc \u03bf\u03b9\u03ba\u03bf\u03b3\u03b5\u03bd\u03b5\u03b9\u03ac\u03c1\u03c7\u03b5\u03c2 \u03ba\u03b1\u03b9 \u03b1\u03c3\u03ba\u03b7\u03c4\u03ad\u03c2, \u03b5\u03bd\u03ce \u03b1\u03c0\u03bf\u03c4\u03b5\u03bb\u03b5\u03af \u03bc\u03af\u03b1 \u03b1\u03c0\u03cc \u03c4\u03b9\u03c2 \u03b5\u03bb\u03ac\u03c7\u03b9\u03c3\u03c4\u03b5\u03c2 \u03b9\u03bd\u03b4\u03bf\u03c5\u03b9\u03c3\u03c4\u03b9\u03ba\u03ad\u03c2 \u03b8\u03b5\u03cc\u03c4\u03b7\u03c4\u03b5\u03c2 \u03c0\u03bf\u03c5 \u03c7\u03b1\u03af\u03c1\u03bf\u03c5\u03bd \u03c3\u03b5\u03b2\u03b1\u03c3\u03bc\u03bf\u03cd \u03ba\u03b1\u03b9 \u03b1\u03c0\u03cc \u03bc\u03bf\u03c5\u03c3\u03bf\u03c5\u03bb\u03bc\u03ac\u03bd\u03bf\u03c5\u03c2 \u03ba\u03b1\u03b9 \u03b1\u03c0\u03cc \u03c3\u03b9\u03c7 \u03c3\u03c4\u03b7\u03bd \u0399\u03bd\u03b4\u03af\u03b1.<\/p>\n\n\n\n<pre class=\"wp-block-preformatted\"><br><em>\u0395\u03ba\u03b4\u03cc\u03c3\u03b5\u03b9\u03c2<\/em> <br>\u0395\u03bb\u03bb\u03b7\u03bd\u03bf-\u0399\u03bd\u03b4\u03b9\u03ba\u03ae \u0395\u03c4\u03b1\u03b9\u03c1\u03b5\u03af\u03b1 \u03a0\u03bf\u03bb\u03b9\u03c4\u03b9\u03c3\u03bc\u03bf\u03cd &amp; \u0391\u03bd\u03ac\u03c0\u03c4\u03c5\u03be\u03b7\u03c2<br>\u0388\u03b4\u03c1\u03b1: \u039d\u03b9\u03ba\u03bf\u03bb\u03ac\u03bf\u03c5 \u03a6\u03bb\u03ce\u03c1\u03bf\u03c5 15,&nbsp;\u0391\u03b8\u03ae\u03bd\u03b1, \u03a4.\u039a. 11524<br>\u039a\u03b5\u03bd\u03c4\u03c1\u03b9\u03ba\u03ac \u0393\u03c1\u03b1\u03c6\u03b5\u03af\u03b1: \u0396\u03c9\u03bf\u03b4\u03cc\u03c7\u03bf\u03c5 \u03a0\u03b7\u03b3\u03ae\u03c2 64, \u0391\u03b8\u03ae\u03bd\u03b1, \u03a4.\u039a. 10681. <br>\u03a4\u03b7\u03bb. 211-4081463, T\u03b7\u03bb.&amp; Fax: +30-210-3846757<br>www.elinepa.org&nbsp;&nbsp;&nbsp; e-mail :&nbsp;indohellenic@gmail.com<\/pre>\n","protected":false},"excerpt":{"rendered":"<p>ISBN: 978-618-82624-9-2&nbsp;\u0395\u03b9\u03c3\u03b1\u03b3\u03c9\u03b3\u03ae, \u03bc\u03b5\u03c4\u03ac\u03c6\u03c1\u03b1\u03c3\u03b7 \u03ba\u03b1\u03b9 \u03c3\u03c7\u03cc\u03bb\u03b9\u03b1: \u0394\u0397\u039c\u0397\u03a4\u03a1\u0399\u039f\u03a3 \u0398. \u0392\u0391\u03a3\u0399\u039b\u0395\u0399\u0391\u0394\u0397\u03a3\u0394\u03b5\u03cd\u03c4\u03b5\u03c1\u03b7 \u0388\u03ba\u03b4\u03bf\u03c3\u03b7: \u0395\u039b\u0399\u039d\u0395\u03a0\u0391, \u0391\u03b8\u03ae\u03bd\u03b1, 2026 (2001)\u03a3\u03b5\u03bb\u03af\u03b4\u03b5\u03c2: 115 (14&#215;21 cm)\u03a4\u03b9\u03bc\u03ae: 15 \u0395\u03c5\u03c1\u03ce&nbsp; + \u03a4\u03b1\u03c7\u03c5\u03b4\u03c1\u03bf\u03bc\u03b9\u03ba\u03ac20<\/p>\n","protected":false},"author":1,"featured_media":0,"parent":0,"menu_order":9,"comment_status":"closed","ping_status":"closed","template":"","meta":{"colormag_page_container_layout":"default_layout","colormag_page_sidebar_layout":"default_layout","_monsterinsights_skip_tracking":false,"_monsterinsights_sitenote_active":false,"_monsterinsights_sitenote_note":"","_monsterinsights_sitenote_category":0,"footnotes":""},"class_list":["post-19939","page","type-page","status-publish","hentry"],"yoast_head":"<!-- This site is optimized with the Yoast SEO plugin v27.4 - https:\/\/yoast.com\/product\/yoast-seo-wordpress\/ -->\n<title>\u03a4\u039f \u03a4\u03a1\u0391\u0393\u039f\u03a5\u0394\u0399 \u03a4\u039f\u03a5 \u0393\u03a5\u039c\u039d\u039f\u03a3\u039f\u03a6\u0399\u03a3\u03a4\u0397 - \u0395\u039b\u039b\u0397\u039d\u039f-\u0399\u039d\u0394\u0399\u039a\u0397 \u0395\u03a4\u0391\u0399\u03a1\u0395\u0399\u0391 \u03a0\u039f\u039b\u0399\u03a4\u0399\u03a3\u039c\u039f\u03a5 &amp; \u0391\u039d\u0391\u03a0\u03a4\u03a5\u039e\u0397\u03a3<\/title>\n<meta name=\"robots\" content=\"index, follow, max-snippet:-1, max-image-preview:large, max-video-preview:-1\" \/>\n<link rel=\"canonical\" href=\"https:\/\/elinepa.org\/el\/the-song-of-gymnosophist\/\" \/>\n<meta property=\"og:locale\" content=\"el_GR\" \/>\n<meta property=\"og:type\" content=\"article\" \/>\n<meta property=\"og:title\" content=\"\u03a4\u039f \u03a4\u03a1\u0391\u0393\u039f\u03a5\u0394\u0399 \u03a4\u039f\u03a5 \u0393\u03a5\u039c\u039d\u039f\u03a3\u039f\u03a6\u0399\u03a3\u03a4\u0397 - \u0395\u039b\u039b\u0397\u039d\u039f-\u0399\u039d\u0394\u0399\u039a\u0397 \u0395\u03a4\u0391\u0399\u03a1\u0395\u0399\u0391 \u03a0\u039f\u039b\u0399\u03a4\u0399\u03a3\u039c\u039f\u03a5 &amp; \u0391\u039d\u0391\u03a0\u03a4\u03a5\u039e\u0397\u03a3\" \/>\n<meta property=\"og:description\" content=\"ISBN: 978-618-82624-9-2&nbsp;\u0395\u03b9\u03c3\u03b1\u03b3\u03c9\u03b3\u03ae, \u03bc\u03b5\u03c4\u03ac\u03c6\u03c1\u03b1\u03c3\u03b7 \u03ba\u03b1\u03b9 \u03c3\u03c7\u03cc\u03bb\u03b9\u03b1: \u0394\u0397\u039c\u0397\u03a4\u03a1\u0399\u039f\u03a3 \u0398. \u0392\u0391\u03a3\u0399\u039b\u0395\u0399\u0391\u0394\u0397\u03a3\u0394\u03b5\u03cd\u03c4\u03b5\u03c1\u03b7 \u0388\u03ba\u03b4\u03bf\u03c3\u03b7: \u0395\u039b\u0399\u039d\u0395\u03a0\u0391, \u0391\u03b8\u03ae\u03bd\u03b1, 2026 (2001)\u03a3\u03b5\u03bb\u03af\u03b4\u03b5\u03c2: 115 (14&#215;21 cm)\u03a4\u03b9\u03bc\u03ae: 15 \u0395\u03c5\u03c1\u03ce&nbsp; + \u03a4\u03b1\u03c7\u03c5\u03b4\u03c1\u03bf\u03bc\u03b9\u03ba\u03ac20\" \/>\n<meta property=\"og:url\" content=\"https:\/\/elinepa.org\/el\/the-song-of-gymnosophist\/\" \/>\n<meta property=\"og:site_name\" content=\"\u0395\u039b\u039b\u0397\u039d\u039f-\u0399\u039d\u0394\u0399\u039a\u0397 \u0395\u03a4\u0391\u0399\u03a1\u0395\u0399\u0391 \u03a0\u039f\u039b\u0399\u03a4\u0399\u03a3\u039c\u039f\u03a5 &amp; \u0391\u039d\u0391\u03a0\u03a4\u03a5\u039e\u0397\u03a3\" \/>\n<meta property=\"article:publisher\" content=\"https:\/\/www.facebook.com\/indikanet\" \/>\n<meta property=\"article:modified_time\" content=\"2026-01-27T05:44:06+00:00\" \/>\n<meta property=\"og:image\" content=\"https:\/\/elinepa.org\/wp-content\/uploads\/2026\/01\/gymnosophist-front.jpg\" \/>\n\t<meta property=\"og:image:width\" content=\"392\" \/>\n\t<meta property=\"og:image:height\" content=\"596\" \/>\n\t<meta property=\"og:image:type\" content=\"image\/jpeg\" \/>\n<meta name=\"twitter:card\" content=\"summary_large_image\" \/>\n<meta name=\"twitter:site\" content=\"@indohellenic\" \/>\n<meta name=\"twitter:label1\" content=\"\u0395\u03ba\u03c4\u03b9\u03bc\u03ce\u03bc\u03b5\u03bd\u03bf\u03c2 \u03c7\u03c1\u03cc\u03bd\u03bf\u03c2 \u03b1\u03bd\u03ac\u03b3\u03bd\u03c9\u03c3\u03b7\u03c2\" \/>\n\t<meta name=\"twitter:data1\" content=\"2 \u03bb\u03b5\u03c0\u03c4\u03ac\" \/>\n<script type=\"application\/ld+json\" class=\"yoast-schema-graph\">{\"@context\":\"https:\\\/\\\/schema.org\",\"@graph\":[{\"@type\":\"WebPage\",\"@id\":\"https:\\\/\\\/elinepa.org\\\/el\\\/the-song-of-gymnosophist\\\/\",\"url\":\"https:\\\/\\\/elinepa.org\\\/el\\\/the-song-of-gymnosophist\\\/\",\"name\":\"\u03a4\u039f \u03a4\u03a1\u0391\u0393\u039f\u03a5\u0394\u0399 \u03a4\u039f\u03a5 \u0393\u03a5\u039c\u039d\u039f\u03a3\u039f\u03a6\u0399\u03a3\u03a4\u0397 - \u0395\u039b\u039b\u0397\u039d\u039f-\u0399\u039d\u0394\u0399\u039a\u0397 \u0395\u03a4\u0391\u0399\u03a1\u0395\u0399\u0391 \u03a0\u039f\u039b\u0399\u03a4\u0399\u03a3\u039c\u039f\u03a5 &amp; \u0391\u039d\u0391\u03a0\u03a4\u03a5\u039e\u0397\u03a3\",\"isPartOf\":{\"@id\":\"https:\\\/\\\/elinepa.org\\\/#website\"},\"primaryImageOfPage\":{\"@id\":\"https:\\\/\\\/elinepa.org\\\/el\\\/the-song-of-gymnosophist\\\/#primaryimage\"},\"image\":{\"@id\":\"https:\\\/\\\/elinepa.org\\\/el\\\/the-song-of-gymnosophist\\\/#primaryimage\"},\"thumbnailUrl\":\"https:\\\/\\\/elinepa.org\\\/wp-content\\\/uploads\\\/2026\\\/01\\\/gymnosophist-front.jpg\",\"datePublished\":\"2012-12-28T06:17:31+00:00\",\"dateModified\":\"2026-01-27T05:44:06+00:00\",\"breadcrumb\":{\"@id\":\"https:\\\/\\\/elinepa.org\\\/el\\\/the-song-of-gymnosophist\\\/#breadcrumb\"},\"inLanguage\":\"el\",\"potentialAction\":[{\"@type\":\"ReadAction\",\"target\":[\"https:\\\/\\\/elinepa.org\\\/el\\\/the-song-of-gymnosophist\\\/\"]}]},{\"@type\":\"ImageObject\",\"inLanguage\":\"el\",\"@id\":\"https:\\\/\\\/elinepa.org\\\/el\\\/the-song-of-gymnosophist\\\/#primaryimage\",\"url\":\"https:\\\/\\\/elinepa.org\\\/wp-content\\\/uploads\\\/2026\\\/01\\\/gymnosophist-front.jpg\",\"contentUrl\":\"https:\\\/\\\/elinepa.org\\\/wp-content\\\/uploads\\\/2026\\\/01\\\/gymnosophist-front.jpg\"},{\"@type\":\"BreadcrumbList\",\"@id\":\"https:\\\/\\\/elinepa.org\\\/el\\\/the-song-of-gymnosophist\\\/#breadcrumb\",\"itemListElement\":[{\"@type\":\"ListItem\",\"position\":1,\"name\":\"Home\",\"item\":\"https:\\\/\\\/elinepa.org\\\/el\\\/\"},{\"@type\":\"ListItem\",\"position\":2,\"name\":\"\u03a4\u039f \u03a4\u03a1\u0391\u0393\u039f\u03a5\u0394\u0399 \u03a4\u039f\u03a5 \u0393\u03a5\u039c\u039d\u039f\u03a3\u039f\u03a6\u0399\u03a3\u03a4\u0397\"}]},{\"@type\":\"WebSite\",\"@id\":\"https:\\\/\\\/elinepa.org\\\/#website\",\"url\":\"https:\\\/\\\/elinepa.org\\\/\",\"name\":\"\u0395\u039b\u039b\u0397\u039d\u039f-\u0399\u039d\u0394\u0399\u039a\u0397 \u0395\u03a4\u0391\u0399\u03a1\u0395\u0399\u0391 \u03a0\u039f\u039b\u0399\u03a4\u0399\u03a3\u039c\u039f\u03a5 &amp; \u0391\u039d\u0391\u03a0\u03a4\u03a5\u039e\u0397\u03a3\",\"description\":\"Hellenic-Indian Society for Culture &amp; Development\",\"publisher\":{\"@id\":\"https:\\\/\\\/elinepa.org\\\/#organization\"},\"potentialAction\":[{\"@type\":\"SearchAction\",\"target\":{\"@type\":\"EntryPoint\",\"urlTemplate\":\"https:\\\/\\\/elinepa.org\\\/?s={search_term_string}\"},\"query-input\":{\"@type\":\"PropertyValueSpecification\",\"valueRequired\":true,\"valueName\":\"search_term_string\"}}],\"inLanguage\":\"el\"},{\"@type\":\"Organization\",\"@id\":\"https:\\\/\\\/elinepa.org\\\/#organization\",\"name\":\"INDO-HELLENIC SOCIETY FOR CULTURE AND DEVELOPMENT\",\"url\":\"https:\\\/\\\/elinepa.org\\\/\",\"logo\":{\"@type\":\"ImageObject\",\"inLanguage\":\"el\",\"@id\":\"https:\\\/\\\/elinepa.org\\\/#\\\/schema\\\/logo\\\/image\\\/\",\"url\":\"https:\\\/\\\/elinepa.org\\\/wp-content\\\/uploads\\\/2018\\\/10\\\/elinepa-logo-250-250.png\",\"contentUrl\":\"https:\\\/\\\/elinepa.org\\\/wp-content\\\/uploads\\\/2018\\\/10\\\/elinepa-logo-250-250.png\",\"width\":250,\"height\":250,\"caption\":\"INDO-HELLENIC SOCIETY FOR CULTURE AND DEVELOPMENT\"},\"image\":{\"@id\":\"https:\\\/\\\/elinepa.org\\\/#\\\/schema\\\/logo\\\/image\\\/\"},\"sameAs\":[\"https:\\\/\\\/www.facebook.com\\\/indikanet\",\"https:\\\/\\\/x.com\\\/indohellenic\",\"https:\\\/\\\/www.instagram.com\\\/indika_net\\\/\",\"https:\\\/\\\/www.youtube.com\\\/channel\\\/UCMA32ZMeSjceUnpelaUzenA\"]}]}<\/script>\n<!-- \/ Yoast SEO plugin. -->","yoast_head_json":{"title":"\u03a4\u039f \u03a4\u03a1\u0391\u0393\u039f\u03a5\u0394\u0399 \u03a4\u039f\u03a5 \u0393\u03a5\u039c\u039d\u039f\u03a3\u039f\u03a6\u0399\u03a3\u03a4\u0397 - \u0395\u039b\u039b\u0397\u039d\u039f-\u0399\u039d\u0394\u0399\u039a\u0397 \u0395\u03a4\u0391\u0399\u03a1\u0395\u0399\u0391 \u03a0\u039f\u039b\u0399\u03a4\u0399\u03a3\u039c\u039f\u03a5 &amp; \u0391\u039d\u0391\u03a0\u03a4\u03a5\u039e\u0397\u03a3","robots":{"index":"index","follow":"follow","max-snippet":"max-snippet:-1","max-image-preview":"max-image-preview:large","max-video-preview":"max-video-preview:-1"},"canonical":"https:\/\/elinepa.org\/el\/the-song-of-gymnosophist\/","og_locale":"el_GR","og_type":"article","og_title":"\u03a4\u039f \u03a4\u03a1\u0391\u0393\u039f\u03a5\u0394\u0399 \u03a4\u039f\u03a5 \u0393\u03a5\u039c\u039d\u039f\u03a3\u039f\u03a6\u0399\u03a3\u03a4\u0397 - \u0395\u039b\u039b\u0397\u039d\u039f-\u0399\u039d\u0394\u0399\u039a\u0397 \u0395\u03a4\u0391\u0399\u03a1\u0395\u0399\u0391 \u03a0\u039f\u039b\u0399\u03a4\u0399\u03a3\u039c\u039f\u03a5 &amp; \u0391\u039d\u0391\u03a0\u03a4\u03a5\u039e\u0397\u03a3","og_description":"ISBN: 978-618-82624-9-2&nbsp;\u0395\u03b9\u03c3\u03b1\u03b3\u03c9\u03b3\u03ae, \u03bc\u03b5\u03c4\u03ac\u03c6\u03c1\u03b1\u03c3\u03b7 \u03ba\u03b1\u03b9 \u03c3\u03c7\u03cc\u03bb\u03b9\u03b1: \u0394\u0397\u039c\u0397\u03a4\u03a1\u0399\u039f\u03a3 \u0398. \u0392\u0391\u03a3\u0399\u039b\u0395\u0399\u0391\u0394\u0397\u03a3\u0394\u03b5\u03cd\u03c4\u03b5\u03c1\u03b7 \u0388\u03ba\u03b4\u03bf\u03c3\u03b7: \u0395\u039b\u0399\u039d\u0395\u03a0\u0391, \u0391\u03b8\u03ae\u03bd\u03b1, 2026 (2001)\u03a3\u03b5\u03bb\u03af\u03b4\u03b5\u03c2: 115 (14&#215;21 cm)\u03a4\u03b9\u03bc\u03ae: 15 \u0395\u03c5\u03c1\u03ce&nbsp; + \u03a4\u03b1\u03c7\u03c5\u03b4\u03c1\u03bf\u03bc\u03b9\u03ba\u03ac20","og_url":"https:\/\/elinepa.org\/el\/the-song-of-gymnosophist\/","og_site_name":"\u0395\u039b\u039b\u0397\u039d\u039f-\u0399\u039d\u0394\u0399\u039a\u0397 \u0395\u03a4\u0391\u0399\u03a1\u0395\u0399\u0391 \u03a0\u039f\u039b\u0399\u03a4\u0399\u03a3\u039c\u039f\u03a5 &amp; \u0391\u039d\u0391\u03a0\u03a4\u03a5\u039e\u0397\u03a3","article_publisher":"https:\/\/www.facebook.com\/indikanet","article_modified_time":"2026-01-27T05:44:06+00:00","og_image":[{"width":392,"height":596,"url":"https:\/\/elinepa.org\/wp-content\/uploads\/2026\/01\/gymnosophist-front.jpg","type":"image\/jpeg"}],"twitter_card":"summary_large_image","twitter_site":"@indohellenic","twitter_misc":{"\u0395\u03ba\u03c4\u03b9\u03bc\u03ce\u03bc\u03b5\u03bd\u03bf\u03c2 \u03c7\u03c1\u03cc\u03bd\u03bf\u03c2 \u03b1\u03bd\u03ac\u03b3\u03bd\u03c9\u03c3\u03b7\u03c2":"2 \u03bb\u03b5\u03c0\u03c4\u03ac"},"schema":{"@context":"https:\/\/schema.org","@graph":[{"@type":"WebPage","@id":"https:\/\/elinepa.org\/el\/the-song-of-gymnosophist\/","url":"https:\/\/elinepa.org\/el\/the-song-of-gymnosophist\/","name":"\u03a4\u039f \u03a4\u03a1\u0391\u0393\u039f\u03a5\u0394\u0399 \u03a4\u039f\u03a5 \u0393\u03a5\u039c\u039d\u039f\u03a3\u039f\u03a6\u0399\u03a3\u03a4\u0397 - \u0395\u039b\u039b\u0397\u039d\u039f-\u0399\u039d\u0394\u0399\u039a\u0397 \u0395\u03a4\u0391\u0399\u03a1\u0395\u0399\u0391 \u03a0\u039f\u039b\u0399\u03a4\u0399\u03a3\u039c\u039f\u03a5 &amp; \u0391\u039d\u0391\u03a0\u03a4\u03a5\u039e\u0397\u03a3","isPartOf":{"@id":"https:\/\/elinepa.org\/#website"},"primaryImageOfPage":{"@id":"https:\/\/elinepa.org\/el\/the-song-of-gymnosophist\/#primaryimage"},"image":{"@id":"https:\/\/elinepa.org\/el\/the-song-of-gymnosophist\/#primaryimage"},"thumbnailUrl":"https:\/\/elinepa.org\/wp-content\/uploads\/2026\/01\/gymnosophist-front.jpg","datePublished":"2012-12-28T06:17:31+00:00","dateModified":"2026-01-27T05:44:06+00:00","breadcrumb":{"@id":"https:\/\/elinepa.org\/el\/the-song-of-gymnosophist\/#breadcrumb"},"inLanguage":"el","potentialAction":[{"@type":"ReadAction","target":["https:\/\/elinepa.org\/el\/the-song-of-gymnosophist\/"]}]},{"@type":"ImageObject","inLanguage":"el","@id":"https:\/\/elinepa.org\/el\/the-song-of-gymnosophist\/#primaryimage","url":"https:\/\/elinepa.org\/wp-content\/uploads\/2026\/01\/gymnosophist-front.jpg","contentUrl":"https:\/\/elinepa.org\/wp-content\/uploads\/2026\/01\/gymnosophist-front.jpg"},{"@type":"BreadcrumbList","@id":"https:\/\/elinepa.org\/el\/the-song-of-gymnosophist\/#breadcrumb","itemListElement":[{"@type":"ListItem","position":1,"name":"Home","item":"https:\/\/elinepa.org\/el\/"},{"@type":"ListItem","position":2,"name":"\u03a4\u039f \u03a4\u03a1\u0391\u0393\u039f\u03a5\u0394\u0399 \u03a4\u039f\u03a5 \u0393\u03a5\u039c\u039d\u039f\u03a3\u039f\u03a6\u0399\u03a3\u03a4\u0397"}]},{"@type":"WebSite","@id":"https:\/\/elinepa.org\/#website","url":"https:\/\/elinepa.org\/","name":"\u0395\u039b\u039b\u0397\u039d\u039f-\u0399\u039d\u0394\u0399\u039a\u0397 \u0395\u03a4\u0391\u0399\u03a1\u0395\u0399\u0391 \u03a0\u039f\u039b\u0399\u03a4\u0399\u03a3\u039c\u039f\u03a5 &amp; \u0391\u039d\u0391\u03a0\u03a4\u03a5\u039e\u0397\u03a3","description":"Hellenic-Indian Society for Culture &amp; Development","publisher":{"@id":"https:\/\/elinepa.org\/#organization"},"potentialAction":[{"@type":"SearchAction","target":{"@type":"EntryPoint","urlTemplate":"https:\/\/elinepa.org\/?s={search_term_string}"},"query-input":{"@type":"PropertyValueSpecification","valueRequired":true,"valueName":"search_term_string"}}],"inLanguage":"el"},{"@type":"Organization","@id":"https:\/\/elinepa.org\/#organization","name":"INDO-HELLENIC SOCIETY FOR CULTURE AND DEVELOPMENT","url":"https:\/\/elinepa.org\/","logo":{"@type":"ImageObject","inLanguage":"el","@id":"https:\/\/elinepa.org\/#\/schema\/logo\/image\/","url":"https:\/\/elinepa.org\/wp-content\/uploads\/2018\/10\/elinepa-logo-250-250.png","contentUrl":"https:\/\/elinepa.org\/wp-content\/uploads\/2018\/10\/elinepa-logo-250-250.png","width":250,"height":250,"caption":"INDO-HELLENIC SOCIETY FOR CULTURE AND DEVELOPMENT"},"image":{"@id":"https:\/\/elinepa.org\/#\/schema\/logo\/image\/"},"sameAs":["https:\/\/www.facebook.com\/indikanet","https:\/\/x.com\/indohellenic","https:\/\/www.instagram.com\/indika_net\/","https:\/\/www.youtube.com\/channel\/UCMA32ZMeSjceUnpelaUzenA"]}]}},"_links":{"self":[{"href":"https:\/\/elinepa.org\/el\/wp-json\/wp\/v2\/pages\/19939","targetHints":{"allow":["GET"]}}],"collection":[{"href":"https:\/\/elinepa.org\/el\/wp-json\/wp\/v2\/pages"}],"about":[{"href":"https:\/\/elinepa.org\/el\/wp-json\/wp\/v2\/types\/page"}],"author":[{"embeddable":true,"href":"https:\/\/elinepa.org\/el\/wp-json\/wp\/v2\/users\/1"}],"replies":[{"embeddable":true,"href":"https:\/\/elinepa.org\/el\/wp-json\/wp\/v2\/comments?post=19939"}],"version-history":[{"count":13,"href":"https:\/\/elinepa.org\/el\/wp-json\/wp\/v2\/pages\/19939\/revisions"}],"predecessor-version":[{"id":63289,"href":"https:\/\/elinepa.org\/el\/wp-json\/wp\/v2\/pages\/19939\/revisions\/63289"}],"wp:attachment":[{"href":"https:\/\/elinepa.org\/el\/wp-json\/wp\/v2\/media?parent=19939"}],"curies":[{"name":"wp","href":"https:\/\/api.w.org\/{rel}","templated":true}]}}