{"id":19971,"date":"2014-11-14T10:59:46","date_gmt":"2014-11-14T08:59:46","guid":{"rendered":"https:\/\/elinepa.org\/?page_id=19971"},"modified":"2024-05-09T06:24:23","modified_gmt":"2024-05-09T03:24:23","slug":"shiva-sutra","status":"publish","type":"page","link":"https:\/\/elinepa.org\/el\/shiva-sutra\/","title":{"rendered":"\u03a3\u0399\u0392\u0391 \u03a3\u039f\u03a5\u03a4\u03a1\u0391"},"content":{"rendered":"\n<div class=\"wp-block-image\"><figure class=\"aligncenter\"><img fetchpriority=\"high\" decoding=\"async\" width=\"441\" height=\"628\" src=\"https:\/\/elinepa.org\/wp-content\/uploads\/2015\/04\/shiva-sutra.gif\" alt=\"\" class=\"wp-image-4867\"\/><figcaption><br><strong>\u03a3\u03af\u03b2\u03b1 \u03a3\u03bf\u03cd\u03c4\u03c1\u03b1<\/strong>&nbsp;<br>\u03c4\u03bf\u03c5 Vasugupta \u03bc\u03b5 \u03c4\u03b7<br><em>\u015aiva S\u016btra Vimar\u015bin\u012b<\/em>&nbsp;\u03c4\u03bf\u03c5&nbsp;Kshemar\u0101ja<br><br>\u0395\u0399\u03a3\u0391\u0393\u03a9\u0393\u0397, \u039c\u0395\u03a4\u0391\u03a6\u03a1\u0391\u03a3\u0397 \u039a\u0391\u0399 \u03a3\u03a7\u039f\u039b\u0399\u0391<br><a href=\"https:\/\/elinepa.org\/el\/dimitrios-vassiliadis\/\">\u0394\u0397\u039c\u0397\u03a4\u03a1\u0399\u039f\u03a3 \u0398. \u0392\u0391\u03a3\u0399\u039b\u0395\u0399\u0391\u0394\u0397\u03a3<\/a>&nbsp; &nbsp;<\/figcaption><\/figure><\/div>\n\n\n\n<p>\u03a0\u03b5\u03c1\u03b9\u03bb\u03b1\u03bc\u03b2\u03ac\u03bd\u03b5\u03b9 \u03b3\u03b9\u03b1 \u03ba\u03ac\u03b8\u03b5 \u03b1\u03c6\u03bf\u03c1\u03b9\u03c3\u03bc\u03cc:&nbsp;Devanagari \u03ba\u03b1\u03b9 \u03bc\u03b5\u03c4\u03b1\u03b3\u03bb\u03c9\u03c4\u03c4\u03b9\u03c3\u03bc\u03ad\u03bd\u03b7 \u03b3\u03c1\u03b1\u03c6\u03ae, \u03bb\u03ad\u03be\u03b7 \u03c0\u03c1\u03bf\u03c2 \u03bb\u03ad\u03be\u03b7 \u03bc\u03b5\u03c4\u03ac\u03c6\u03c1\u03b1\u03c3\u03b7, \u03b5\u03c1\u03bc\u03b7\u03bd\u03b5\u03af\u03b1, \u03c3\u03c7\u03cc\u03bb\u03b9\u03b1 \u03c4\u03bf\u03c5&nbsp;Kshemar\u0101ja, \u03c3\u03b7\u03bc\u03b5\u03b9\u03ce\u03c3\u03b5\u03b9\u03c2<\/p>\n\n\n\n<p>\u0397<em> \u03a3\u03af\u03b2\u03b1 \u03a3\u03bf\u03cd\u03c4\u03c1\u03b1<\/em> \u03b5\u03af\u03bd\u03b1\u03b9 \u03c4\u03bf \u03b2\u03b1\u03c3\u03b9\u03ba\u03cc\u03c4\u03b5\u03c1\u03bf\u03ba\u03b1\u03b9 \u03c3\u03b7\u03bc\u03b1\u03bd\u03c4\u03b9\u03ba\u03cc\u03c4\u03b5\u03c1\u03bf \u03ba\u03b5\u03af\u03bc\u03b5\u03bd\u03bf \u03c4\u03b7\u03c2 \u03a4\u03b1\u03bd\u03c4\u03c1\u03b9\u03ba\u03ae\u03c2 \u03c0\u03b1\u03c1\u03ac\u03b4\u03bf\u03c3\u03b7\u03c2 \u03c4\u03bf\u03c5 \u03a3\u03b1\u03ca\u03b2\u03b9\u03c3\u03bc\u03bf\u03cd \u03c4\u03bf\u03c5 \u039a\u03b1\u03c3\u03bc\u03af\u03c1.\u03a3\u03c5\u03b3\u03b3\u03c1\u03b1\u03c6\u03ad\u03b1\u03c2 \u03c4\u03bf\u03c5 \u03ba\u03b5\u03b9\u03bc\u03ad\u03bd\u03bf\u03c5 \u03b5\u03af\u03bd\u03b1\u03b9 \u03bf Vasugupta \u03c0\u03bf\u03c5 \u03ad\u03b6\u03b7\u03c3\u03b5 \u03c4\u03bf\u03bd 9\u03bf \u03b1\u03b9\u03ce\u03bd\u03b1 \u03bc.\u03a7. \u03ba\u03bf\u03bd\u03c4\u03ac \u03c3\u03c4\u03bfSrinagar, \u03c4\u03b7 \u03c3\u03b7\u03bc\u03b5\u03c1\u03b9\u03bd\u03ae \u03c0\u03c1\u03c9\u03c4\u03b5\u03cd\u03bf\u03c5\u03c3\u03b1 \u03c4\u03bf\u03c5 Kashmir. \u0397 \u03c0\u03b1\u03c1\u03ac\u03b4\u03bf\u03c3\u03b7 \u03c4\u03bf\u03c5 \u03c3\u03b1\u03ca\u03b2\u03b9\u03c3\u03bc\u03bf\u03cd, \u03c9\u03c3\u03c4\u03cc\u03c3\u03bf,\u03b5\u03bd\u03c3\u03c4\u03b5\u03c1\u03bd\u03af\u03b6\u03b5\u03c4\u03b1\u03b9 \u03cc\u03c4\u03b9 \u03b1\u03bb\u03b7\u03b8\u03b9\u03bd\u03cc\u03c2 \u03c3\u03c5\u03bd\u03c4\u03ac\u03ba\u03c4\u03b7\u03c2 \u03c4\u03bf\u03c5 \u03b5\u03af\u03bd\u03b1\u03b9 \u03bf \u03af\u03b4\u03b9\u03bf\u03c2 \u03bf \u03b8\u03b5\u03cc\u03c2 \u015aiva.<br><\/p>\n\n\n\n<p>\u03a4\u03bf \u03b2\u03b9\u03b2\u03bb\u03af\u03bf \u03c0\u03b5\u03c1\u03b9\u03bb\u03b1\u03bc\u03b2\u03ac\u03bd\u03b5\u03b9 \u03c4\u03b1 \u03b5\u03c1\u03bc\u03b7\u03bd\u03b5\u03c5\u03c4\u03b9\u03ba\u03ac \u03c3\u03c7\u03cc\u03bb\u03b9\u03b1 \u03c4\u03bf\u03c5 K\u1e63emar\u0101ja&nbsp;\u03c0\u03bf\u03c5 \u03b5\u03af\u03bd\u03b1\u03b9 \u03b3\u03bd\u03c9\u03c3\u03c4\u03ac \u03c9\u03c2 \u015a<em>iva S\u016btra Vimar\u015bin\u012b&nbsp;<\/em>(11\u03bf\u03c2 \u03b1\u03b9\u03ce\u03bd\u03b1\u03c2 \u03bc.\u03a7.)<\/p>\n\n\n\n<div class=\"wp-block-image\"><figure class=\"aligncenter\"><img decoding=\"async\" width=\"428\" height=\"580\" src=\"https:\/\/elinepa.org\/wp-content\/uploads\/2014\/11\/shiva-sutra.gif\" alt=\"\" class=\"wp-image-4495\"\/><figcaption>\u039f \u03a0\u03c1\u03ad\u03c3\u03b2\u03b7\u03c2 \u03c4\u03b7\u03c2 \u0399\u03bd\u03b4\u03af\u03b1\u03c2 \u03ba. Tsewang Topden \u03c0\u03b1\u03c1\u03bf\u03c5\u03c3\u03b9\u03ac\u03b6\u03b5\u03b9 \u03c4\u03b7 \u03a3\u03af\u03b2\u03b1 \u03a3\u03bf\u03cd\u03c4\u03c1\u03b1 \u03ba\u03b1\u03c4\u03ac \u03c4\u03b7\u03b4\u03b9\u03ac\u03c1\u03ba\u03b5\u03b9\u03b1 \u03c4\u03bf\u03c5 \u03b5\u03bf\u03c1\u03c4\u03b1\u03c3\u03bc\u03bf\u03cd \u03c4\u03b7\u03c2 <a href=\"http:\/\/elinepa.org\/el\/iyd\/\">\u03a0\u03c1\u03ce\u03c4\u03b7\u03c2 \u03a0\u03b1\u03b3\u03ba\u03cc\u03c3\u03bc\u03b9\u03b1\u03c2 \u0397\u03bc\u03ad\u03c1\u03b1\u03c2 \u03c4\u03b7\u03c2 \u0393\u03b9\u03cc\u03b3\u03ba\u03b1<\/a>, \u039d\u03ad\u03b1 \u03a3\u03bc\u03cd\u03c1\u03bd\u03b721 \u0399\u03bf\u03c5\u03bd\u03af\u03bf\u03c5 2015.<\/figcaption><\/figure><\/div>\n\n\n\n<blockquote class=\"wp-block-quote is-layout-flow wp-block-quote-is-layout-flow\"><p>ISBN: 978-960-87774-7-7<br>\u03bc\u03ad\u03b3\u03b5\u03b8\u03bf\u03c2 \u03915, \u03c3\u03b5\u03bb\u03af\u03b4\u03b5\u03c2 226<br>\u03a4\u03b9\u03bc\u03ae: 18&nbsp;\u20ac + <a href=\"https:\/\/www.elta.gr\/timokatalogoi\" target=\"_blank\" rel=\"noreferrer noopener\">\u03c4\u03b1\u03c7\u03c5\u03b4\u03c1\u03bf\u03bc\u03b9\u03ba\u03ac<\/a><br>20 % \u03ad\u03ba\u03c0\u03c4\u03c9\u03c3\u03b7 \u03c3\u03c4\u03b1 \u03bc\u03ad\u03bb\u03b7 \u03c4\u03b7\u03c2 \u0395\u039b\u0399\u039d\u0395\u03a0\u0391<\/p><\/blockquote>\n\n\n\n<div class=\"wp-block-image\"><figure class=\"aligncenter is-resized\"><a href=\"https:\/\/elinepa.org\/el\/order-form\/\"><img decoding=\"async\" src=\"https:\/\/elinepa.org\/wp-content\/uploads\/2015\/04\/ORDER-FORM-BUTTON-GR.jpg\" alt=\"\" class=\"wp-image-8173\" width=\"200\" srcset=\"https:\/\/elinepa.org\/wp-content\/uploads\/2015\/04\/ORDER-FORM-BUTTON-GR.jpg 448w, https:\/\/elinepa.org\/wp-content\/uploads\/2015\/04\/ORDER-FORM-BUTTON-GR-150x51.jpg 150w, https:\/\/elinepa.org\/wp-content\/uploads\/2015\/04\/ORDER-FORM-BUTTON-GR-300x101.jpg 300w\" sizes=\"(max-width: 448px) 100vw, 448px\" \/><\/a><\/figure><\/div>\n\n\n\n<pre class=\"wp-block-preformatted\"><br><em>\u0395\u03ba\u03b4\u03cc\u03c3\u03b5\u03b9\u03c2<\/em> <br>\u0395\u03bb\u03bb\u03b7\u03bd\u03bf-\u0399\u03bd\u03b4\u03b9\u03ba\u03ae \u0395\u03c4\u03b1\u03b9\u03c1\u03b5\u03af\u03b1 \u03a0\u03bf\u03bb\u03b9\u03c4\u03b9\u03c3\u03bc\u03bf\u03cd &amp; \u0391\u03bd\u03ac\u03c0\u03c4\u03c5\u03be\u03b7\u03c2<br>\u0388\u03b4\u03c1\u03b1: \u039d\u03b9\u03ba\u03bf\u03bb\u03ac\u03bf\u03c5 \u03a6\u03bb\u03ce\u03c1\u03bf\u03c5 15,&nbsp;\u0391\u03b8\u03ae\u03bd\u03b1, \u03a4.\u039a. 11524<br>\u039a\u03b5\u03bd\u03c4\u03c1\u03b9\u03ba\u03ac \u0393\u03c1\u03b1\u03c6\u03b5\u03af\u03b1: \u0396\u03c9\u03bf\u03b4\u03cc\u03c7\u03bf\u03c5 \u03a0\u03b7\u03b3\u03ae\u03c2 64, \u0391\u03b8\u03ae\u03bd\u03b1, \u03a4.\u039a. 10681. <br>\u03a4\u03b7\u03bb. 211-4081463, T\u03b7\u03bb.&amp; Fax: +30-210-3846757<br>www.elinepa.org&nbsp;&nbsp;&nbsp; e-mail :&nbsp;indohellenic@gmail.com<\/pre>\n","protected":false},"excerpt":{"rendered":"<p>\u03a0\u03b5\u03c1\u03b9\u03bb\u03b1\u03bc\u03b2\u03ac\u03bd\u03b5\u03b9 \u03b3\u03b9\u03b1 \u03ba\u03ac\u03b8\u03b5 \u03b1\u03c6\u03bf\u03c1\u03b9\u03c3\u03bc\u03cc:&nbsp;Devanagari \u03ba\u03b1\u03b9 \u03bc\u03b5\u03c4\u03b1\u03b3\u03bb\u03c9\u03c4\u03c4\u03b9\u03c3\u03bc\u03ad\u03bd\u03b7 \u03b3\u03c1\u03b1\u03c6\u03ae, \u03bb\u03ad\u03be\u03b7 \u03c0\u03c1\u03bf\u03c2 \u03bb\u03ad\u03be\u03b7 \u03bc\u03b5\u03c4\u03ac\u03c6\u03c1\u03b1\u03c3\u03b7, \u03b5\u03c1\u03bc\u03b7\u03bd\u03b5\u03af\u03b1, \u03c3\u03c7\u03cc\u03bb\u03b9\u03b1 \u03c4\u03bf\u03c5&nbsp;Kshemar\u0101ja, \u03c3\u03b7\u03bc\u03b5\u03b9\u03ce\u03c3\u03b5\u03b9\u03c2 \u0397 \u03a3\u03af\u03b2\u03b1 \u03a3\u03bf\u03cd\u03c4\u03c1\u03b1 \u03b5\u03af\u03bd\u03b1\u03b9 \u03c4\u03bf<\/p>\n","protected":false},"author":1,"featured_media":0,"parent":0,"menu_order":0,"comment_status":"closed","ping_status":"closed","template":"","meta":{"colormag_page_container_layout":"default_layout","colormag_page_sidebar_layout":"default_layout","_monsterinsights_skip_tracking":false,"_monsterinsights_sitenote_active":false,"_monsterinsights_sitenote_note":"","_monsterinsights_sitenote_category":0,"footnotes":""},"class_list":["post-19971","page","type-page","status-publish","hentry"],"yoast_head":"<!-- This site is optimized with the Yoast SEO plugin v27.4 - https:\/\/yoast.com\/product\/yoast-seo-wordpress\/ -->\n<title>\u03a3\u0399\u0392\u0391 \u03a3\u039f\u03a5\u03a4\u03a1\u0391 - \u0395\u039b\u039b\u0397\u039d\u039f-\u0399\u039d\u0394\u0399\u039a\u0397 \u0395\u03a4\u0391\u0399\u03a1\u0395\u0399\u0391 \u03a0\u039f\u039b\u0399\u03a4\u0399\u03a3\u039c\u039f\u03a5 &amp; \u0391\u039d\u0391\u03a0\u03a4\u03a5\u039e\u0397\u03a3<\/title>\n<meta name=\"robots\" content=\"index, follow, max-snippet:-1, max-image-preview:large, max-video-preview:-1\" \/>\n<link rel=\"canonical\" href=\"https:\/\/elinepa.org\/shiva-sutra-2\/\" \/>\n<meta property=\"og:locale\" content=\"el_GR\" \/>\n<meta property=\"og:type\" content=\"article\" \/>\n<meta property=\"og:title\" content=\"\u03a3\u0399\u0392\u0391 \u03a3\u039f\u03a5\u03a4\u03a1\u0391 - \u0395\u039b\u039b\u0397\u039d\u039f-\u0399\u039d\u0394\u0399\u039a\u0397 \u0395\u03a4\u0391\u0399\u03a1\u0395\u0399\u0391 \u03a0\u039f\u039b\u0399\u03a4\u0399\u03a3\u039c\u039f\u03a5 &amp; \u0391\u039d\u0391\u03a0\u03a4\u03a5\u039e\u0397\u03a3\" \/>\n<meta property=\"og:description\" content=\"\u03a0\u03b5\u03c1\u03b9\u03bb\u03b1\u03bc\u03b2\u03ac\u03bd\u03b5\u03b9 \u03b3\u03b9\u03b1 \u03ba\u03ac\u03b8\u03b5 \u03b1\u03c6\u03bf\u03c1\u03b9\u03c3\u03bc\u03cc:&nbsp;Devanagari \u03ba\u03b1\u03b9 \u03bc\u03b5\u03c4\u03b1\u03b3\u03bb\u03c9\u03c4\u03c4\u03b9\u03c3\u03bc\u03ad\u03bd\u03b7 \u03b3\u03c1\u03b1\u03c6\u03ae, \u03bb\u03ad\u03be\u03b7 \u03c0\u03c1\u03bf\u03c2 \u03bb\u03ad\u03be\u03b7 \u03bc\u03b5\u03c4\u03ac\u03c6\u03c1\u03b1\u03c3\u03b7, \u03b5\u03c1\u03bc\u03b7\u03bd\u03b5\u03af\u03b1, \u03c3\u03c7\u03cc\u03bb\u03b9\u03b1 \u03c4\u03bf\u03c5&nbsp;Kshemar\u0101ja, \u03c3\u03b7\u03bc\u03b5\u03b9\u03ce\u03c3\u03b5\u03b9\u03c2 \u0397 \u03a3\u03af\u03b2\u03b1 \u03a3\u03bf\u03cd\u03c4\u03c1\u03b1 \u03b5\u03af\u03bd\u03b1\u03b9 \u03c4\u03bf\" \/>\n<meta property=\"og:url\" content=\"https:\/\/elinepa.org\/shiva-sutra-2\/\" \/>\n<meta property=\"og:site_name\" content=\"\u0395\u039b\u039b\u0397\u039d\u039f-\u0399\u039d\u0394\u0399\u039a\u0397 \u0395\u03a4\u0391\u0399\u03a1\u0395\u0399\u0391 \u03a0\u039f\u039b\u0399\u03a4\u0399\u03a3\u039c\u039f\u03a5 &amp; \u0391\u039d\u0391\u03a0\u03a4\u03a5\u039e\u0397\u03a3\" \/>\n<meta property=\"article:publisher\" content=\"https:\/\/www.facebook.com\/indikanet\" \/>\n<meta property=\"article:modified_time\" content=\"2024-05-09T03:24:23+00:00\" \/>\n<meta property=\"og:image\" content=\"https:\/\/elinepa.org\/wp-content\/uploads\/2015\/04\/shiva-sutra.gif\" \/>\n<meta name=\"twitter:card\" content=\"summary_large_image\" \/>\n<meta name=\"twitter:site\" content=\"@indohellenic\" \/>\n<script type=\"application\/ld+json\" class=\"yoast-schema-graph\">{\"@context\":\"https:\\\/\\\/schema.org\",\"@graph\":[{\"@type\":\"WebPage\",\"@id\":\"https:\\\/\\\/elinepa.org\\\/shiva-sutra-2\\\/\",\"url\":\"https:\\\/\\\/elinepa.org\\\/shiva-sutra-2\\\/\",\"name\":\"\u03a3\u0399\u0392\u0391 \u03a3\u039f\u03a5\u03a4\u03a1\u0391 - \u0395\u039b\u039b\u0397\u039d\u039f-\u0399\u039d\u0394\u0399\u039a\u0397 \u0395\u03a4\u0391\u0399\u03a1\u0395\u0399\u0391 \u03a0\u039f\u039b\u0399\u03a4\u0399\u03a3\u039c\u039f\u03a5 &amp; \u0391\u039d\u0391\u03a0\u03a4\u03a5\u039e\u0397\u03a3\",\"isPartOf\":{\"@id\":\"https:\\\/\\\/elinepa.org\\\/#website\"},\"primaryImageOfPage\":{\"@id\":\"https:\\\/\\\/elinepa.org\\\/shiva-sutra-2\\\/#primaryimage\"},\"image\":{\"@id\":\"https:\\\/\\\/elinepa.org\\\/shiva-sutra-2\\\/#primaryimage\"},\"thumbnailUrl\":\"https:\\\/\\\/elinepa.org\\\/wp-content\\\/uploads\\\/2015\\\/04\\\/shiva-sutra.gif\",\"datePublished\":\"2014-11-14T08:59:46+00:00\",\"dateModified\":\"2024-05-09T03:24:23+00:00\",\"breadcrumb\":{\"@id\":\"https:\\\/\\\/elinepa.org\\\/shiva-sutra-2\\\/#breadcrumb\"},\"inLanguage\":\"el\",\"potentialAction\":[{\"@type\":\"ReadAction\",\"target\":[\"https:\\\/\\\/elinepa.org\\\/shiva-sutra-2\\\/\"]}]},{\"@type\":\"ImageObject\",\"inLanguage\":\"el\",\"@id\":\"https:\\\/\\\/elinepa.org\\\/shiva-sutra-2\\\/#primaryimage\",\"url\":\"https:\\\/\\\/elinepa.org\\\/wp-content\\\/uploads\\\/2015\\\/04\\\/shiva-sutra.gif\",\"contentUrl\":\"https:\\\/\\\/elinepa.org\\\/wp-content\\\/uploads\\\/2015\\\/04\\\/shiva-sutra.gif\"},{\"@type\":\"BreadcrumbList\",\"@id\":\"https:\\\/\\\/elinepa.org\\\/shiva-sutra-2\\\/#breadcrumb\",\"itemListElement\":[{\"@type\":\"ListItem\",\"position\":1,\"name\":\"Home\",\"item\":\"https:\\\/\\\/elinepa.org\\\/el\\\/\"},{\"@type\":\"ListItem\",\"position\":2,\"name\":\"\u03a3\u0399\u0392\u0391 \u03a3\u039f\u03a5\u03a4\u03a1\u0391\"}]},{\"@type\":\"WebSite\",\"@id\":\"https:\\\/\\\/elinepa.org\\\/#website\",\"url\":\"https:\\\/\\\/elinepa.org\\\/\",\"name\":\"\u0395\u039b\u039b\u0397\u039d\u039f-\u0399\u039d\u0394\u0399\u039a\u0397 \u0395\u03a4\u0391\u0399\u03a1\u0395\u0399\u0391 \u03a0\u039f\u039b\u0399\u03a4\u0399\u03a3\u039c\u039f\u03a5 &amp; \u0391\u039d\u0391\u03a0\u03a4\u03a5\u039e\u0397\u03a3\",\"description\":\"Hellenic-Indian Society for Culture &amp; Development\",\"publisher\":{\"@id\":\"https:\\\/\\\/elinepa.org\\\/#organization\"},\"potentialAction\":[{\"@type\":\"SearchAction\",\"target\":{\"@type\":\"EntryPoint\",\"urlTemplate\":\"https:\\\/\\\/elinepa.org\\\/?s={search_term_string}\"},\"query-input\":{\"@type\":\"PropertyValueSpecification\",\"valueRequired\":true,\"valueName\":\"search_term_string\"}}],\"inLanguage\":\"el\"},{\"@type\":\"Organization\",\"@id\":\"https:\\\/\\\/elinepa.org\\\/#organization\",\"name\":\"INDO-HELLENIC SOCIETY FOR CULTURE AND DEVELOPMENT\",\"url\":\"https:\\\/\\\/elinepa.org\\\/\",\"logo\":{\"@type\":\"ImageObject\",\"inLanguage\":\"el\",\"@id\":\"https:\\\/\\\/elinepa.org\\\/#\\\/schema\\\/logo\\\/image\\\/\",\"url\":\"https:\\\/\\\/elinepa.org\\\/wp-content\\\/uploads\\\/2018\\\/10\\\/elinepa-logo-250-250.png\",\"contentUrl\":\"https:\\\/\\\/elinepa.org\\\/wp-content\\\/uploads\\\/2018\\\/10\\\/elinepa-logo-250-250.png\",\"width\":250,\"height\":250,\"caption\":\"INDO-HELLENIC SOCIETY FOR CULTURE AND DEVELOPMENT\"},\"image\":{\"@id\":\"https:\\\/\\\/elinepa.org\\\/#\\\/schema\\\/logo\\\/image\\\/\"},\"sameAs\":[\"https:\\\/\\\/www.facebook.com\\\/indikanet\",\"https:\\\/\\\/x.com\\\/indohellenic\",\"https:\\\/\\\/www.instagram.com\\\/indika_net\\\/\",\"https:\\\/\\\/www.youtube.com\\\/channel\\\/UCMA32ZMeSjceUnpelaUzenA\"]}]}<\/script>\n<!-- \/ Yoast SEO plugin. -->","yoast_head_json":{"title":"\u03a3\u0399\u0392\u0391 \u03a3\u039f\u03a5\u03a4\u03a1\u0391 - \u0395\u039b\u039b\u0397\u039d\u039f-\u0399\u039d\u0394\u0399\u039a\u0397 \u0395\u03a4\u0391\u0399\u03a1\u0395\u0399\u0391 \u03a0\u039f\u039b\u0399\u03a4\u0399\u03a3\u039c\u039f\u03a5 &amp; \u0391\u039d\u0391\u03a0\u03a4\u03a5\u039e\u0397\u03a3","robots":{"index":"index","follow":"follow","max-snippet":"max-snippet:-1","max-image-preview":"max-image-preview:large","max-video-preview":"max-video-preview:-1"},"canonical":"https:\/\/elinepa.org\/shiva-sutra-2\/","og_locale":"el_GR","og_type":"article","og_title":"\u03a3\u0399\u0392\u0391 \u03a3\u039f\u03a5\u03a4\u03a1\u0391 - \u0395\u039b\u039b\u0397\u039d\u039f-\u0399\u039d\u0394\u0399\u039a\u0397 \u0395\u03a4\u0391\u0399\u03a1\u0395\u0399\u0391 \u03a0\u039f\u039b\u0399\u03a4\u0399\u03a3\u039c\u039f\u03a5 &amp; \u0391\u039d\u0391\u03a0\u03a4\u03a5\u039e\u0397\u03a3","og_description":"\u03a0\u03b5\u03c1\u03b9\u03bb\u03b1\u03bc\u03b2\u03ac\u03bd\u03b5\u03b9 \u03b3\u03b9\u03b1 \u03ba\u03ac\u03b8\u03b5 \u03b1\u03c6\u03bf\u03c1\u03b9\u03c3\u03bc\u03cc:&nbsp;Devanagari \u03ba\u03b1\u03b9 \u03bc\u03b5\u03c4\u03b1\u03b3\u03bb\u03c9\u03c4\u03c4\u03b9\u03c3\u03bc\u03ad\u03bd\u03b7 \u03b3\u03c1\u03b1\u03c6\u03ae, \u03bb\u03ad\u03be\u03b7 \u03c0\u03c1\u03bf\u03c2 \u03bb\u03ad\u03be\u03b7 \u03bc\u03b5\u03c4\u03ac\u03c6\u03c1\u03b1\u03c3\u03b7, \u03b5\u03c1\u03bc\u03b7\u03bd\u03b5\u03af\u03b1, \u03c3\u03c7\u03cc\u03bb\u03b9\u03b1 \u03c4\u03bf\u03c5&nbsp;Kshemar\u0101ja, \u03c3\u03b7\u03bc\u03b5\u03b9\u03ce\u03c3\u03b5\u03b9\u03c2 \u0397 \u03a3\u03af\u03b2\u03b1 \u03a3\u03bf\u03cd\u03c4\u03c1\u03b1 \u03b5\u03af\u03bd\u03b1\u03b9 \u03c4\u03bf","og_url":"https:\/\/elinepa.org\/shiva-sutra-2\/","og_site_name":"\u0395\u039b\u039b\u0397\u039d\u039f-\u0399\u039d\u0394\u0399\u039a\u0397 \u0395\u03a4\u0391\u0399\u03a1\u0395\u0399\u0391 \u03a0\u039f\u039b\u0399\u03a4\u0399\u03a3\u039c\u039f\u03a5 &amp; \u0391\u039d\u0391\u03a0\u03a4\u03a5\u039e\u0397\u03a3","article_publisher":"https:\/\/www.facebook.com\/indikanet","article_modified_time":"2024-05-09T03:24:23+00:00","og_image":[{"url":"https:\/\/elinepa.org\/wp-content\/uploads\/2015\/04\/shiva-sutra.gif","type":"","width":"","height":""}],"twitter_card":"summary_large_image","twitter_site":"@indohellenic","schema":{"@context":"https:\/\/schema.org","@graph":[{"@type":"WebPage","@id":"https:\/\/elinepa.org\/shiva-sutra-2\/","url":"https:\/\/elinepa.org\/shiva-sutra-2\/","name":"\u03a3\u0399\u0392\u0391 \u03a3\u039f\u03a5\u03a4\u03a1\u0391 - \u0395\u039b\u039b\u0397\u039d\u039f-\u0399\u039d\u0394\u0399\u039a\u0397 \u0395\u03a4\u0391\u0399\u03a1\u0395\u0399\u0391 \u03a0\u039f\u039b\u0399\u03a4\u0399\u03a3\u039c\u039f\u03a5 &amp; \u0391\u039d\u0391\u03a0\u03a4\u03a5\u039e\u0397\u03a3","isPartOf":{"@id":"https:\/\/elinepa.org\/#website"},"primaryImageOfPage":{"@id":"https:\/\/elinepa.org\/shiva-sutra-2\/#primaryimage"},"image":{"@id":"https:\/\/elinepa.org\/shiva-sutra-2\/#primaryimage"},"thumbnailUrl":"https:\/\/elinepa.org\/wp-content\/uploads\/2015\/04\/shiva-sutra.gif","datePublished":"2014-11-14T08:59:46+00:00","dateModified":"2024-05-09T03:24:23+00:00","breadcrumb":{"@id":"https:\/\/elinepa.org\/shiva-sutra-2\/#breadcrumb"},"inLanguage":"el","potentialAction":[{"@type":"ReadAction","target":["https:\/\/elinepa.org\/shiva-sutra-2\/"]}]},{"@type":"ImageObject","inLanguage":"el","@id":"https:\/\/elinepa.org\/shiva-sutra-2\/#primaryimage","url":"https:\/\/elinepa.org\/wp-content\/uploads\/2015\/04\/shiva-sutra.gif","contentUrl":"https:\/\/elinepa.org\/wp-content\/uploads\/2015\/04\/shiva-sutra.gif"},{"@type":"BreadcrumbList","@id":"https:\/\/elinepa.org\/shiva-sutra-2\/#breadcrumb","itemListElement":[{"@type":"ListItem","position":1,"name":"Home","item":"https:\/\/elinepa.org\/el\/"},{"@type":"ListItem","position":2,"name":"\u03a3\u0399\u0392\u0391 \u03a3\u039f\u03a5\u03a4\u03a1\u0391"}]},{"@type":"WebSite","@id":"https:\/\/elinepa.org\/#website","url":"https:\/\/elinepa.org\/","name":"\u0395\u039b\u039b\u0397\u039d\u039f-\u0399\u039d\u0394\u0399\u039a\u0397 \u0395\u03a4\u0391\u0399\u03a1\u0395\u0399\u0391 \u03a0\u039f\u039b\u0399\u03a4\u0399\u03a3\u039c\u039f\u03a5 &amp; \u0391\u039d\u0391\u03a0\u03a4\u03a5\u039e\u0397\u03a3","description":"Hellenic-Indian Society for Culture &amp; Development","publisher":{"@id":"https:\/\/elinepa.org\/#organization"},"potentialAction":[{"@type":"SearchAction","target":{"@type":"EntryPoint","urlTemplate":"https:\/\/elinepa.org\/?s={search_term_string}"},"query-input":{"@type":"PropertyValueSpecification","valueRequired":true,"valueName":"search_term_string"}}],"inLanguage":"el"},{"@type":"Organization","@id":"https:\/\/elinepa.org\/#organization","name":"INDO-HELLENIC SOCIETY FOR CULTURE AND DEVELOPMENT","url":"https:\/\/elinepa.org\/","logo":{"@type":"ImageObject","inLanguage":"el","@id":"https:\/\/elinepa.org\/#\/schema\/logo\/image\/","url":"https:\/\/elinepa.org\/wp-content\/uploads\/2018\/10\/elinepa-logo-250-250.png","contentUrl":"https:\/\/elinepa.org\/wp-content\/uploads\/2018\/10\/elinepa-logo-250-250.png","width":250,"height":250,"caption":"INDO-HELLENIC SOCIETY FOR CULTURE AND DEVELOPMENT"},"image":{"@id":"https:\/\/elinepa.org\/#\/schema\/logo\/image\/"},"sameAs":["https:\/\/www.facebook.com\/indikanet","https:\/\/x.com\/indohellenic","https:\/\/www.instagram.com\/indika_net\/","https:\/\/www.youtube.com\/channel\/UCMA32ZMeSjceUnpelaUzenA"]}]}},"_links":{"self":[{"href":"https:\/\/elinepa.org\/el\/wp-json\/wp\/v2\/pages\/19971","targetHints":{"allow":["GET"]}}],"collection":[{"href":"https:\/\/elinepa.org\/el\/wp-json\/wp\/v2\/pages"}],"about":[{"href":"https:\/\/elinepa.org\/el\/wp-json\/wp\/v2\/types\/page"}],"author":[{"embeddable":true,"href":"https:\/\/elinepa.org\/el\/wp-json\/wp\/v2\/users\/1"}],"replies":[{"embeddable":true,"href":"https:\/\/elinepa.org\/el\/wp-json\/wp\/v2\/comments?post=19971"}],"version-history":[{"count":2,"href":"https:\/\/elinepa.org\/el\/wp-json\/wp\/v2\/pages\/19971\/revisions"}],"predecessor-version":[{"id":60217,"href":"https:\/\/elinepa.org\/el\/wp-json\/wp\/v2\/pages\/19971\/revisions\/60217"}],"wp:attachment":[{"href":"https:\/\/elinepa.org\/el\/wp-json\/wp\/v2\/media?parent=19971"}],"curies":[{"name":"wp","href":"https:\/\/api.w.org\/{rel}","templated":true}]}}