{"id":20016,"date":"2012-12-28T08:06:28","date_gmt":"2012-12-28T06:06:28","guid":{"rendered":"https:\/\/elinepa.org\/?page_id=20016"},"modified":"2024-10-13T12:10:10","modified_gmt":"2024-10-13T09:10:10","slug":"greeksinindia","status":"publish","type":"page","link":"https:\/\/elinepa.org\/el\/greeksinindia\/","title":{"rendered":"\u039f\u0399 \u0395\u039b\u039b\u0397\u039d\u0395\u03a3 \u03a3\u03a4\u0397\u039d \u0399\u039d\u0394\u0399\u0391"},"content":{"rendered":"\n<figure class=\"wp-block-image aligncenter\"><img fetchpriority=\"high\" decoding=\"async\" width=\"411\" height=\"628\" src=\"https:\/\/elinepa.org\/wp-content\/uploads\/2015\/04\/greeksinindia.gif\" alt=\"\" class=\"wp-image-4879\"\/><figcaption class=\"wp-element-caption\"><br><strong>\u039f\u03b9 \u0388\u03bb\u03bb\u03b7\u03bd\u03b5\u03c2 \u03c3\u03c4\u03b7\u03bd \u0399\u03bd\u03b4\u03af\u03b1<\/strong><br>\u039c\u03b9\u03b1 \u0391\u03bd\u03b1\u03b4\u03c1\u03bf\u03bc\u03ae \u03c3\u03c4\u03b7 \u03a6\u03b9\u03bb\u03bf\u03c3\u03bf\u03c6\u03b9\u03ba\u03ae \u039a\u03b1\u03c4\u03b1\u03bd\u03cc\u03b7\u03c3\u03b7<br><br><a href=\"https:\/\/elinepa.org\/el\/dimitrios-vassiliadis\/\">\u0394\u0397\u039c\u0397\u03a4\u03a1\u0399\u039f\u03a3 \u0398. \u0392\u0391\u03a3\u0399\u039b\u0395\u0399\u0391\u0394\u0397\u03a3<\/a><\/figcaption><\/figure>\n\n\n\n<p class=\"has-text-align-right\">&#8220;After reading Vassiliades&#8217; work, I am convinced that the Greeks in India, whose significance has been rather neglected in the past by both Western and Indian scholars, shall be recognized in the future as pioneers in the formative stages of the global family&#8217;s advancement.&#8221;<\/p>\n\n\n\n<p class=\"has-text-align-right\">Prof. R.R. Pandey, Head, Department of Philosophy and Religion, Banaras Hindu University<\/p>\n\n\n\n<p><strong>cover<\/strong> \u00a0Ro. 280 p. with 56 bw Ills and 2 maps\u00a0<br>ISBN: 81-215-0921-1<br>\u00a0\u039d\u03ad\u03bf \u0394\u03b5\u03bb\u03c7\u03af, 2000<br><strong>\u03a4\u03b9\u03bc\u03ae:\u00a0<\/strong>\u00a025 \u20ac + <a href=\"https:\/\/www.elta.gr\/timokatalogoi\" target=\"_blank\" rel=\"noreferrer noopener\">\u03c4\u03b1\u03c7\u03c5\u03b4\u03c1\u03bf\u03bc\u03b5\u03af\u03bf<\/a>\u00a0\u00a0<\/p>\n\n\n\n<p>\u03a4\u03bf \u03b2\u03b9\u03b2\u03bb\u03af\u03bf \u03b1\u03bd\u03b1\u03c6\u03ad\u03c1\u03b5\u03c4\u03b1\u03b9 \u03c3\u03c4\u03b7\u03bd \u03c0\u03bf\u03bb\u03b9\u03c4\u03b9\u03c3\u03c4\u03b9\u03ba\u03ae \u03c0\u03b1\u03c1\u03bf\u03c5\u03c3\u03af\u03b1 \u03c4\u03c9\u03bd \u0395\u03bb\u03bb\u03ae\u03bd\u03c9\u03bd \u03c3\u03c4\u03b7\u03bd \u0399\u03bd\u03b4\u03af\u03b1. \u03a3\u03b5 \u03b1\u03bd\u03c4\u03af\u03b8\u03b5\u03c3\u03b7 \u03bc\u03b5 \u03c4\u03b9\u03c2 \u03c0\u03c1\u03bf\u03b7\u03b3\u03bf\u03cd\u03bc\u03b5\u03bd\u03b5\u03c2 \u03b5\u03c1\u03b3\u03b1\u03c3\u03af\u03b5\u03c2, \u03bf\u03b9 \u03bf\u03c0\u03bf\u03af\u03b5\u03c2 \u03ad\u03c7\u03bf\u03c5\u03bd \u03b5\u03c0\u03b9\u03ba\u03b5\u03bd\u03c4\u03c1\u03c9\u03b8\u03b5\u03af \u03c3\u03b5 \u03c3\u03c5\u03b3\u03ba\u03b5\u03ba\u03c1\u03b9\u03bc\u03ad\u03bd\u03b5\u03c2 \u03b9\u03c3\u03c4\u03bf\u03c1\u03b9\u03ba\u03ad\u03c2 \u03c0\u03b5\u03c1\u03b9\u03cc\u03b4\u03bf\u03c5\u03c2, \u03b7 \u03c0\u03b1\u03c1\u03bf\u03cd\u03c3\u03b1 \u03bc\u03b5\u03bb\u03ad\u03c4\u03b7 \u03ad\u03c7\u03b5\u03b9 \u03c9\u03c2 \u03c3\u03c4\u03cc\u03c7\u03bf \u03bd\u03b1 \u03c0\u03b1\u03c1\u03bf\u03c5\u03c3\u03b9\u03ac\u03c3\u03b5\u03b9 \u03c4\u03bf \u03bb\u03bf\u03b3\u03bf\u03c4\u03b5\u03c7\u03bd\u03b9\u03ba\u03cc, \u03c0\u03bf\u03bb\u03b9\u03c4\u03b9\u03c3\u03c4\u03b9\u03ba\u03cc \u03ba\u03b1\u03b9 \u03c6\u03b9\u03bb\u03bf\u03c3\u03bf\u03c6\u03b9\u03ba\u03cc \u03ad\u03c1\u03b3\u03bf \u03c4\u03c9\u03bd \u0395\u03bb\u03bb\u03ae\u03bd\u03c9\u03bd \u03c3\u03c4\u03b7\u03bd \u0399\u03bd\u03b4\u03af\u03b1, \u03ba\u03b1\u03b8\u03ce\u03c2 \u03b1\u03bb\u03bb\u03b7\u03bb\u03bf\u03b5\u03c0\u03b9\u03b4\u03c1\u03bf\u03cd\u03bd \u03bc\u03b5 \u03c4\u03bf\u03c5\u03c2 \u0399\u03bd\u03b4\u03bf\u03cd\u03c2 \u03ba\u03b1\u03b9 \u03c4\u03bf\u03bd \u0399\u03bd\u03b4\u03b9\u03ba\u03cc \u03c0\u03bf\u03bb\u03b9\u03c4\u03b9\u03c3\u03bc\u03cc \u03b1\u03c0\u03cc \u03c4\u03b7\u03bd \u03b1\u03c1\u03c7\u03b1\u03b9\u03cc\u03c4\u03b7\u03c4\u03b1 \u03bc\u03ad\u03c7\u03c1\u03b9 \u03c3\u03ae\u03bc\u03b5\u03c1\u03b1.<\/p>\n\n\n\n<figure class=\"wp-block-image aligncenter is-resized\"><a href=\"https:\/\/elinepa.org\/el\/order-form\/\"><img decoding=\"async\" width=\"448\" height=\"151\" src=\"https:\/\/elinepa.org\/wp-content\/uploads\/2015\/04\/ORDER-FORM-BUTTON-GR.jpg\" alt=\"\" class=\"wp-image-8173\" style=\"width:224px;height:76px\" srcset=\"https:\/\/elinepa.org\/wp-content\/uploads\/2015\/04\/ORDER-FORM-BUTTON-GR.jpg 448w, https:\/\/elinepa.org\/wp-content\/uploads\/2015\/04\/ORDER-FORM-BUTTON-GR-150x51.jpg 150w, https:\/\/elinepa.org\/wp-content\/uploads\/2015\/04\/ORDER-FORM-BUTTON-GR-300x101.jpg 300w\" sizes=\"(max-width: 448px) 100vw, 448px\" \/><\/a><\/figure>\n\n\n\n<p><\/p>\n\n\n\n<h4 class=\"wp-block-heading has-text-align-center\">Table of Contents<\/h4>\n\n\n\n<p>Foreword<br>Preface to the second edition<br>Abbreviations<\/p>\n\n\n\n<p class=\"has-text-align-center\">Chapter 1<br>The Pre-Alexandrian Age<\/p>\n\n\n\n<p>The Prehistoric Civilizations<br>Greece and the Orient<br>Indo-Iranians, Indo-\u0100ryans and Indian Aborigines<br>Greek and Vedic Gods<br>The Proto-Indo-Europeans<br>Mythical Contacts<br>First Historical Contacts<\/p>\n\n\n\n<p class=\"has-text-align-center\">Chapter 2<br>The Post-Alexandrian Age<\/p>\n\n\n\n<p>Alexander and the Indian Gymnosophists<br>Megasthenes and Indian Religions<br>The Greeks in the Maurean Empire<br>Greeks and Buddhism<br>Greeks and Hinduism<br>The Indians and the Greek Religion<br>After the Fall of Bactria<br>Early Travels to India<br>Other Travelers<br>Some References to Indian Religions in Early Greek Literature<br>The Meeting of Religions<\/p>\n\n\n\n<p class=\"has-text-align-center\">Chapter 3<br>Who were the Yavanas<\/p>\n\n\n\n<p>The Problem of Definition<br>Traditional Views about the Origin and Social Status of Yavanas<br>Yonas, Yavanas and other Greeks<br>The Yavana Invasion<br>Yavanas in the Paur\u0101\u1e47ic Literature<br>Later Historical References<br>Yavan\u0101c\u0101rya and Yavanik\u0101<br>The Muhammedan Invasions<\/p>\n\n\n\n<p class=\"has-text-align-center\">Chapter 4<br>Demetrios Galanos (1760-1833)<\/p>\n\n\n\n<p>The First Years<br>Galanos in India<br>Galanos\u2019 Work<br>Works on Galanos<\/p>\n\n\n\n<p class=\"has-text-align-center\">Chapter 5<br>Contemporary Greeks in India<\/p>\n\n\n\n<p>The Greek Community in Bengal<br>Two Eminent Ladies<br>Indological Studies in Greece<br>Greek Scholars in India<br>The Descendants of Megasthenes<br>Greek Culture in India<\/p>\n\n\n\n<p>Appendix 1<br>Greek Philosophers and India<\/p>\n\n\n\n<p>Appendix 2<br>The Oriental Origin Theory<\/p>\n\n\n\n<p>Appendix 3<br>\u015arama\u1e47as and Br\u0101hma\u1e47as in Greek and Indian Literature<\/p>\n\n\n\n<p>Appendix 4<br>Philosophical Review<\/p>\n\n\n\n<p>A Comparative Chronological Chart<br>Index of Proper Names<\/p>\n\n\n\n<p><a href=\"http:\/\/ihr.sagepub.com\/content\/32\/2\/232.citation\">Book review by&nbsp; Dr Anil Kumar Singh, Indian Historical Review, Vol. 32, No. 2, July 2005<\/a><\/p>\n\n\n\n<pre class=\"wp-block-preformatted\"><br><em>\u0394\u03b9\u03b1\u03bd\u03bf\u03bc\u03ae<\/em><br>\u0395\u03bb\u03bb\u03b7\u03bd\u03bf-\u0399\u03bd\u03b4\u03b9\u03ba\u03ae \u0395\u03c4\u03b1\u03b9\u03c1\u03b5\u03af\u03b1 \u03a0\u03bf\u03bb\u03b9\u03c4\u03b9\u03c3\u03bc\u03bf\u03cd &amp; \u0391\u03bd\u03ac\u03c0\u03c4\u03c5\u03be\u03b7\u03c2<br>\u0388\u03b4\u03c1\u03b1: \u039d\u03b9\u03ba\u03bf\u03bb\u03ac\u03bf\u03c5 \u03a6\u03bb\u03ce\u03c1\u03bf\u03c5 15,&nbsp;\u0391\u03b8\u03ae\u03bd\u03b1, \u03a4.\u039a. 11524<br>\u039a\u03b5\u03bd\u03c4\u03c1\u03b9\u03ba\u03ac \u0393\u03c1\u03b1\u03c6\u03b5\u03af\u03b1: \u0396\u03c9\u03bf\u03b4\u03cc\u03c7\u03bf\u03c5 \u03a0\u03b7\u03b3\u03ae\u03c2 64, \u0391\u03b8\u03ae\u03bd\u03b1, \u03a4.\u039a. 10681. <br>\u03a4\u03b7\u03bb. 211-4081463, T\u03b7\u03bb.&amp; Fax: +30-210-3846757<br>www.elinepa.org&nbsp;&nbsp;&nbsp; e-mail :&nbsp;indohellenic@gmail.com<\/pre>\n","protected":false},"excerpt":{"rendered":"<p>&#8220;After reading Vassiliades&#8217; work, I am convinced that the Greeks in India, whose significance has been rather neglected in the<\/p>\n","protected":false},"author":1,"featured_media":0,"parent":0,"menu_order":10,"comment_status":"closed","ping_status":"closed","template":"","meta":{"colormag_page_container_layout":"default_layout","colormag_page_sidebar_layout":"default_layout","_monsterinsights_skip_tracking":false,"_monsterinsights_sitenote_active":false,"_monsterinsights_sitenote_note":"","_monsterinsights_sitenote_category":0,"footnotes":""},"class_list":["post-20016","page","type-page","status-publish","hentry"],"yoast_head":"<!-- This site is optimized with the Yoast SEO plugin v27.5 - https:\/\/yoast.com\/product\/yoast-seo-wordpress\/ -->\n<title>\u039f\u0399 \u0395\u039b\u039b\u0397\u039d\u0395\u03a3 \u03a3\u03a4\u0397\u039d \u0399\u039d\u0394\u0399\u0391 - \u0395\u039b\u039b\u0397\u039d\u039f-\u0399\u039d\u0394\u0399\u039a\u0397 \u0395\u03a4\u0391\u0399\u03a1\u0395\u0399\u0391 \u03a0\u039f\u039b\u0399\u03a4\u0399\u03a3\u039c\u039f\u03a5 &amp; \u0391\u039d\u0391\u03a0\u03a4\u03a5\u039e\u0397\u03a3<\/title>\n<meta name=\"robots\" content=\"index, follow, max-snippet:-1, max-image-preview:large, max-video-preview:-1\" \/>\n<link rel=\"canonical\" href=\"https:\/\/elinepa.org\/el\/greeksinindia\/\" \/>\n<meta property=\"og:locale\" content=\"el_GR\" \/>\n<meta property=\"og:type\" content=\"article\" \/>\n<meta property=\"og:title\" content=\"\u039f\u0399 \u0395\u039b\u039b\u0397\u039d\u0395\u03a3 \u03a3\u03a4\u0397\u039d \u0399\u039d\u0394\u0399\u0391 - \u0395\u039b\u039b\u0397\u039d\u039f-\u0399\u039d\u0394\u0399\u039a\u0397 \u0395\u03a4\u0391\u0399\u03a1\u0395\u0399\u0391 \u03a0\u039f\u039b\u0399\u03a4\u0399\u03a3\u039c\u039f\u03a5 &amp; \u0391\u039d\u0391\u03a0\u03a4\u03a5\u039e\u0397\u03a3\" \/>\n<meta property=\"og:description\" content=\"&#8220;After reading Vassiliades&#8217; work, I am convinced that the Greeks in India, whose significance has been rather neglected in the\" \/>\n<meta property=\"og:url\" content=\"https:\/\/elinepa.org\/el\/greeksinindia\/\" \/>\n<meta property=\"og:site_name\" content=\"\u0395\u039b\u039b\u0397\u039d\u039f-\u0399\u039d\u0394\u0399\u039a\u0397 \u0395\u03a4\u0391\u0399\u03a1\u0395\u0399\u0391 \u03a0\u039f\u039b\u0399\u03a4\u0399\u03a3\u039c\u039f\u03a5 &amp; \u0391\u039d\u0391\u03a0\u03a4\u03a5\u039e\u0397\u03a3\" \/>\n<meta property=\"article:publisher\" content=\"https:\/\/www.facebook.com\/indikanet\" \/>\n<meta property=\"article:modified_time\" content=\"2024-10-13T09:10:10+00:00\" \/>\n<meta property=\"og:image\" content=\"https:\/\/elinepa.org\/wp-content\/uploads\/2015\/04\/greeksinindia.gif\" \/>\n\t<meta property=\"og:image:width\" content=\"411\" \/>\n\t<meta property=\"og:image:height\" content=\"628\" \/>\n\t<meta property=\"og:image:type\" content=\"image\/gif\" \/>\n<meta name=\"twitter:card\" content=\"summary_large_image\" \/>\n<meta name=\"twitter:site\" content=\"@indohellenic\" \/>\n<meta name=\"twitter:label1\" content=\"\u0395\u03ba\u03c4\u03b9\u03bc\u03ce\u03bc\u03b5\u03bd\u03bf\u03c2 \u03c7\u03c1\u03cc\u03bd\u03bf\u03c2 \u03b1\u03bd\u03ac\u03b3\u03bd\u03c9\u03c3\u03b7\u03c2\" \/>\n\t<meta name=\"twitter:data1\" content=\"3 \u03bb\u03b5\u03c0\u03c4\u03ac\" \/>\n<script type=\"application\/ld+json\" class=\"yoast-schema-graph\">{\"@context\":\"https:\\\/\\\/schema.org\",\"@graph\":[{\"@type\":\"WebPage\",\"@id\":\"https:\\\/\\\/elinepa.org\\\/el\\\/greeksinindia\\\/\",\"url\":\"https:\\\/\\\/elinepa.org\\\/el\\\/greeksinindia\\\/\",\"name\":\"\u039f\u0399 \u0395\u039b\u039b\u0397\u039d\u0395\u03a3 \u03a3\u03a4\u0397\u039d \u0399\u039d\u0394\u0399\u0391 - \u0395\u039b\u039b\u0397\u039d\u039f-\u0399\u039d\u0394\u0399\u039a\u0397 \u0395\u03a4\u0391\u0399\u03a1\u0395\u0399\u0391 \u03a0\u039f\u039b\u0399\u03a4\u0399\u03a3\u039c\u039f\u03a5 &amp; \u0391\u039d\u0391\u03a0\u03a4\u03a5\u039e\u0397\u03a3\",\"isPartOf\":{\"@id\":\"https:\\\/\\\/elinepa.org\\\/#website\"},\"primaryImageOfPage\":{\"@id\":\"https:\\\/\\\/elinepa.org\\\/el\\\/greeksinindia\\\/#primaryimage\"},\"image\":{\"@id\":\"https:\\\/\\\/elinepa.org\\\/el\\\/greeksinindia\\\/#primaryimage\"},\"thumbnailUrl\":\"https:\\\/\\\/elinepa.org\\\/wp-content\\\/uploads\\\/2015\\\/04\\\/greeksinindia.gif\",\"datePublished\":\"2012-12-28T06:06:28+00:00\",\"dateModified\":\"2024-10-13T09:10:10+00:00\",\"breadcrumb\":{\"@id\":\"https:\\\/\\\/elinepa.org\\\/el\\\/greeksinindia\\\/#breadcrumb\"},\"inLanguage\":\"el\",\"potentialAction\":[{\"@type\":\"ReadAction\",\"target\":[\"https:\\\/\\\/elinepa.org\\\/el\\\/greeksinindia\\\/\"]}]},{\"@type\":\"ImageObject\",\"inLanguage\":\"el\",\"@id\":\"https:\\\/\\\/elinepa.org\\\/el\\\/greeksinindia\\\/#primaryimage\",\"url\":\"https:\\\/\\\/elinepa.org\\\/wp-content\\\/uploads\\\/2015\\\/04\\\/greeksinindia.gif\",\"contentUrl\":\"https:\\\/\\\/elinepa.org\\\/wp-content\\\/uploads\\\/2015\\\/04\\\/greeksinindia.gif\"},{\"@type\":\"BreadcrumbList\",\"@id\":\"https:\\\/\\\/elinepa.org\\\/el\\\/greeksinindia\\\/#breadcrumb\",\"itemListElement\":[{\"@type\":\"ListItem\",\"position\":1,\"name\":\"Home\",\"item\":\"https:\\\/\\\/elinepa.org\\\/el\\\/\"},{\"@type\":\"ListItem\",\"position\":2,\"name\":\"\u039f\u0399 \u0395\u039b\u039b\u0397\u039d\u0395\u03a3 \u03a3\u03a4\u0397\u039d \u0399\u039d\u0394\u0399\u0391\"}]},{\"@type\":\"WebSite\",\"@id\":\"https:\\\/\\\/elinepa.org\\\/#website\",\"url\":\"https:\\\/\\\/elinepa.org\\\/\",\"name\":\"\u0395\u039b\u039b\u0397\u039d\u039f-\u0399\u039d\u0394\u0399\u039a\u0397 \u0395\u03a4\u0391\u0399\u03a1\u0395\u0399\u0391 \u03a0\u039f\u039b\u0399\u03a4\u0399\u03a3\u039c\u039f\u03a5 &amp; \u0391\u039d\u0391\u03a0\u03a4\u03a5\u039e\u0397\u03a3\",\"description\":\"Hellenic-Indian Society for Culture &amp; Development\",\"publisher\":{\"@id\":\"https:\\\/\\\/elinepa.org\\\/#organization\"},\"potentialAction\":[{\"@type\":\"SearchAction\",\"target\":{\"@type\":\"EntryPoint\",\"urlTemplate\":\"https:\\\/\\\/elinepa.org\\\/?s={search_term_string}\"},\"query-input\":{\"@type\":\"PropertyValueSpecification\",\"valueRequired\":true,\"valueName\":\"search_term_string\"}}],\"inLanguage\":\"el\"},{\"@type\":\"Organization\",\"@id\":\"https:\\\/\\\/elinepa.org\\\/#organization\",\"name\":\"INDO-HELLENIC SOCIETY FOR CULTURE AND DEVELOPMENT\",\"url\":\"https:\\\/\\\/elinepa.org\\\/\",\"logo\":{\"@type\":\"ImageObject\",\"inLanguage\":\"el\",\"@id\":\"https:\\\/\\\/elinepa.org\\\/#\\\/schema\\\/logo\\\/image\\\/\",\"url\":\"https:\\\/\\\/elinepa.org\\\/wp-content\\\/uploads\\\/2018\\\/10\\\/elinepa-logo-250-250.png\",\"contentUrl\":\"https:\\\/\\\/elinepa.org\\\/wp-content\\\/uploads\\\/2018\\\/10\\\/elinepa-logo-250-250.png\",\"width\":250,\"height\":250,\"caption\":\"INDO-HELLENIC SOCIETY FOR CULTURE AND DEVELOPMENT\"},\"image\":{\"@id\":\"https:\\\/\\\/elinepa.org\\\/#\\\/schema\\\/logo\\\/image\\\/\"},\"sameAs\":[\"https:\\\/\\\/www.facebook.com\\\/indikanet\",\"https:\\\/\\\/x.com\\\/indohellenic\",\"https:\\\/\\\/www.instagram.com\\\/indika_net\\\/\",\"https:\\\/\\\/www.youtube.com\\\/channel\\\/UCMA32ZMeSjceUnpelaUzenA\"]}]}<\/script>\n<!-- \/ Yoast SEO plugin. -->","yoast_head_json":{"title":"\u039f\u0399 \u0395\u039b\u039b\u0397\u039d\u0395\u03a3 \u03a3\u03a4\u0397\u039d \u0399\u039d\u0394\u0399\u0391 - \u0395\u039b\u039b\u0397\u039d\u039f-\u0399\u039d\u0394\u0399\u039a\u0397 \u0395\u03a4\u0391\u0399\u03a1\u0395\u0399\u0391 \u03a0\u039f\u039b\u0399\u03a4\u0399\u03a3\u039c\u039f\u03a5 &amp; \u0391\u039d\u0391\u03a0\u03a4\u03a5\u039e\u0397\u03a3","robots":{"index":"index","follow":"follow","max-snippet":"max-snippet:-1","max-image-preview":"max-image-preview:large","max-video-preview":"max-video-preview:-1"},"canonical":"https:\/\/elinepa.org\/el\/greeksinindia\/","og_locale":"el_GR","og_type":"article","og_title":"\u039f\u0399 \u0395\u039b\u039b\u0397\u039d\u0395\u03a3 \u03a3\u03a4\u0397\u039d \u0399\u039d\u0394\u0399\u0391 - \u0395\u039b\u039b\u0397\u039d\u039f-\u0399\u039d\u0394\u0399\u039a\u0397 \u0395\u03a4\u0391\u0399\u03a1\u0395\u0399\u0391 \u03a0\u039f\u039b\u0399\u03a4\u0399\u03a3\u039c\u039f\u03a5 &amp; \u0391\u039d\u0391\u03a0\u03a4\u03a5\u039e\u0397\u03a3","og_description":"&#8220;After reading Vassiliades&#8217; work, I am convinced that the Greeks in India, whose significance has been rather neglected in the","og_url":"https:\/\/elinepa.org\/el\/greeksinindia\/","og_site_name":"\u0395\u039b\u039b\u0397\u039d\u039f-\u0399\u039d\u0394\u0399\u039a\u0397 \u0395\u03a4\u0391\u0399\u03a1\u0395\u0399\u0391 \u03a0\u039f\u039b\u0399\u03a4\u0399\u03a3\u039c\u039f\u03a5 &amp; \u0391\u039d\u0391\u03a0\u03a4\u03a5\u039e\u0397\u03a3","article_publisher":"https:\/\/www.facebook.com\/indikanet","article_modified_time":"2024-10-13T09:10:10+00:00","og_image":[{"width":411,"height":628,"url":"https:\/\/elinepa.org\/wp-content\/uploads\/2015\/04\/greeksinindia.gif","type":"image\/gif"}],"twitter_card":"summary_large_image","twitter_site":"@indohellenic","twitter_misc":{"\u0395\u03ba\u03c4\u03b9\u03bc\u03ce\u03bc\u03b5\u03bd\u03bf\u03c2 \u03c7\u03c1\u03cc\u03bd\u03bf\u03c2 \u03b1\u03bd\u03ac\u03b3\u03bd\u03c9\u03c3\u03b7\u03c2":"3 \u03bb\u03b5\u03c0\u03c4\u03ac"},"schema":{"@context":"https:\/\/schema.org","@graph":[{"@type":"WebPage","@id":"https:\/\/elinepa.org\/el\/greeksinindia\/","url":"https:\/\/elinepa.org\/el\/greeksinindia\/","name":"\u039f\u0399 \u0395\u039b\u039b\u0397\u039d\u0395\u03a3 \u03a3\u03a4\u0397\u039d \u0399\u039d\u0394\u0399\u0391 - \u0395\u039b\u039b\u0397\u039d\u039f-\u0399\u039d\u0394\u0399\u039a\u0397 \u0395\u03a4\u0391\u0399\u03a1\u0395\u0399\u0391 \u03a0\u039f\u039b\u0399\u03a4\u0399\u03a3\u039c\u039f\u03a5 &amp; \u0391\u039d\u0391\u03a0\u03a4\u03a5\u039e\u0397\u03a3","isPartOf":{"@id":"https:\/\/elinepa.org\/#website"},"primaryImageOfPage":{"@id":"https:\/\/elinepa.org\/el\/greeksinindia\/#primaryimage"},"image":{"@id":"https:\/\/elinepa.org\/el\/greeksinindia\/#primaryimage"},"thumbnailUrl":"https:\/\/elinepa.org\/wp-content\/uploads\/2015\/04\/greeksinindia.gif","datePublished":"2012-12-28T06:06:28+00:00","dateModified":"2024-10-13T09:10:10+00:00","breadcrumb":{"@id":"https:\/\/elinepa.org\/el\/greeksinindia\/#breadcrumb"},"inLanguage":"el","potentialAction":[{"@type":"ReadAction","target":["https:\/\/elinepa.org\/el\/greeksinindia\/"]}]},{"@type":"ImageObject","inLanguage":"el","@id":"https:\/\/elinepa.org\/el\/greeksinindia\/#primaryimage","url":"https:\/\/elinepa.org\/wp-content\/uploads\/2015\/04\/greeksinindia.gif","contentUrl":"https:\/\/elinepa.org\/wp-content\/uploads\/2015\/04\/greeksinindia.gif"},{"@type":"BreadcrumbList","@id":"https:\/\/elinepa.org\/el\/greeksinindia\/#breadcrumb","itemListElement":[{"@type":"ListItem","position":1,"name":"Home","item":"https:\/\/elinepa.org\/el\/"},{"@type":"ListItem","position":2,"name":"\u039f\u0399 \u0395\u039b\u039b\u0397\u039d\u0395\u03a3 \u03a3\u03a4\u0397\u039d \u0399\u039d\u0394\u0399\u0391"}]},{"@type":"WebSite","@id":"https:\/\/elinepa.org\/#website","url":"https:\/\/elinepa.org\/","name":"\u0395\u039b\u039b\u0397\u039d\u039f-\u0399\u039d\u0394\u0399\u039a\u0397 \u0395\u03a4\u0391\u0399\u03a1\u0395\u0399\u0391 \u03a0\u039f\u039b\u0399\u03a4\u0399\u03a3\u039c\u039f\u03a5 &amp; \u0391\u039d\u0391\u03a0\u03a4\u03a5\u039e\u0397\u03a3","description":"Hellenic-Indian Society for Culture &amp; Development","publisher":{"@id":"https:\/\/elinepa.org\/#organization"},"potentialAction":[{"@type":"SearchAction","target":{"@type":"EntryPoint","urlTemplate":"https:\/\/elinepa.org\/?s={search_term_string}"},"query-input":{"@type":"PropertyValueSpecification","valueRequired":true,"valueName":"search_term_string"}}],"inLanguage":"el"},{"@type":"Organization","@id":"https:\/\/elinepa.org\/#organization","name":"INDO-HELLENIC SOCIETY FOR CULTURE AND DEVELOPMENT","url":"https:\/\/elinepa.org\/","logo":{"@type":"ImageObject","inLanguage":"el","@id":"https:\/\/elinepa.org\/#\/schema\/logo\/image\/","url":"https:\/\/elinepa.org\/wp-content\/uploads\/2018\/10\/elinepa-logo-250-250.png","contentUrl":"https:\/\/elinepa.org\/wp-content\/uploads\/2018\/10\/elinepa-logo-250-250.png","width":250,"height":250,"caption":"INDO-HELLENIC SOCIETY FOR CULTURE AND DEVELOPMENT"},"image":{"@id":"https:\/\/elinepa.org\/#\/schema\/logo\/image\/"},"sameAs":["https:\/\/www.facebook.com\/indikanet","https:\/\/x.com\/indohellenic","https:\/\/www.instagram.com\/indika_net\/","https:\/\/www.youtube.com\/channel\/UCMA32ZMeSjceUnpelaUzenA"]}]}},"_links":{"self":[{"href":"https:\/\/elinepa.org\/el\/wp-json\/wp\/v2\/pages\/20016","targetHints":{"allow":["GET"]}}],"collection":[{"href":"https:\/\/elinepa.org\/el\/wp-json\/wp\/v2\/pages"}],"about":[{"href":"https:\/\/elinepa.org\/el\/wp-json\/wp\/v2\/types\/page"}],"author":[{"embeddable":true,"href":"https:\/\/elinepa.org\/el\/wp-json\/wp\/v2\/users\/1"}],"replies":[{"embeddable":true,"href":"https:\/\/elinepa.org\/el\/wp-json\/wp\/v2\/comments?post=20016"}],"version-history":[{"count":4,"href":"https:\/\/elinepa.org\/el\/wp-json\/wp\/v2\/pages\/20016\/revisions"}],"predecessor-version":[{"id":61076,"href":"https:\/\/elinepa.org\/el\/wp-json\/wp\/v2\/pages\/20016\/revisions\/61076"}],"wp:attachment":[{"href":"https:\/\/elinepa.org\/el\/wp-json\/wp\/v2\/media?parent=20016"}],"curies":[{"name":"wp","href":"https:\/\/api.w.org\/{rel}","templated":true}]}}